{"id":915748,"date":"2026-01-20T22:34:10","date_gmt":"2026-01-21T01:34:10","guid":{"rendered":"https:\/\/mebac.com.ar\/jujuy\/?page_id=915748"},"modified":"2026-04-20T18:59:56","modified_gmt":"2026-04-20T21:59:56","slug":"formas-de-entrega-y-pago","status":"publish","type":"page","link":"https:\/\/mebac.com.ar\/jujuy\/formas-de-entrega-y-pago\/","title":{"rendered":"Formas de Entrega y Pago"},"content":{"rendered":"<div class=\"wpb-content-wrapper\"><p>[vc_row][vc_column][vc_column_text css=\u00bb\u00bb woodmart_inline=\u00bbno\u00bb text_larger=\u00bbno\u00bb]<\/p>\n<div class=\"msc-pago\"><!-- Secci\u00f3n: Compra Online --><\/p>\n<div class=\"msc-pago-section\">\n<div class=\"msc-pago-header\">\n<div class=\"msc-pago-icon\"><img decoding=\"async\" src=\"data:image\/svg+xml;base64,PHN2ZyB4bWxucz0iaHR0cDovL3d3dy53My5vcmcvMjAwMC9zdmciIHdpZHRoPSIyNCIgaGVpZ2h0PSIyNCIgdmlld0JveD0iMCAwIDI0IDI0IiBmaWxsPSJub25lIiBzdHJva2U9IiMwYTg0ZmYiIHN0cm9rZS13aWR0aD0iMiIgc3Ryb2tlLWxpbmVjYXA9InJvdW5kIiBzdHJva2UtbGluZWpvaW49InJvdW5kIj48Y2lyY2xlIGN4PSI5IiBjeT0iMjEiIHI9IjEiPjwvY2lyY2xlPjxjaXJjbGUgY3g9IjIwIiBjeT0iMjEiIHI9IjEiPjwvY2lyY2xlPjxwYXRoIGQ9Ik0xIDFoNGwyLjY4IDEzLjM5YTIgMiAwIDAgMCAyIDEuNjFoOS43MmEyIDIgMCAwIDAgMi0xLjYxTDIzIDZINiI+PC9wYXRoPjwvc3ZnPg==\" alt=\"Compra Online\"><\/div>\n<div class=\"msc-pago-title-group\">\n<h3 class=\"msc-pago-title\">Compra Online<\/h3>\n<div class=\"msc-pago-badges\"><span class=\"msc-pago-badge\">Retiro en Sucursal<\/span><br \/>\n<span class=\"msc-pago-badge msc-pago-badge-success\">Env\u00edos Gratis<\/span><\/div>\n<\/div>\n<\/div>\n<ul class=\"msc-pago-list\">\n<li><strong>Transferencias:<\/strong> desde tu cuenta bancaria o billetera digital. <img decoding=\"async\" style=\"height: 22px; width: auto; vertical-align: middle; margin-left: 6px;\" src=\"https:\/\/mebac.com.ar\/jujuy\/wp-content\/uploads\/2026\/02\/asterisk_logo_4k_transparent.png\" alt=\"Talopay\"><\/li>\n<li><strong>Tarjetas de d\u00e9bito:<\/strong> Visa d\u00e9bito, Maestro, Mastercard debit. <img decoding=\"async\" style=\"height: 22px; width: auto; vertical-align: middle; margin-left: 6px;\" src=\"https:\/\/mebac.com.ar\/jujuy\/wp-content\/uploads\/2026\/04\/Logo-estilizado-con-_X_-blanca.webp\" alt=\"Mobbex\"><\/li>\n<li><strong>Tarjetas de cr\u00e9dito bancarias:<\/strong> 1, 3, 6, 9 y 12 cuotas con Visa y Mastercard. <img decoding=\"async\" style=\"height: 22px; width: auto; vertical-align: middle; margin-left: 6px;\" src=\"https:\/\/mebac.com.ar\/jujuy\/wp-content\/uploads\/2026\/04\/Logo-estilizado-con-_X_-blanca.webp\" alt=\"Mobbex\"><\/li>\n<li><strong>Tarjetas de cr\u00e9dito no bancarias:<\/strong> CMR Mastercard, Mastercard Cencosud, Mastercard Tarjeta Naranja, Visa Tarjeta Naranja, Tarjeta Shopping. En un solo pago. <img decoding=\"async\" style=\"height: 22px; width: auto; vertical-align: middle; margin-left: 6px;\" src=\"https:\/\/mebac.com.ar\/jujuy\/wp-content\/uploads\/2026\/04\/Logo-estilizado-con-_X_-blanca.webp\" alt=\"Mobbex\"><\/li>\n<li><strong>Tarjeta Naranja:<\/strong> en un pago y en Zeta. <img decoding=\"async\" style=\"height: 22px; width: auto; vertical-align: middle; margin-left: 6px;\" src=\"https:\/\/mebac.com.ar\/jujuy\/wp-content\/uploads\/2026\/04\/Logo-estilizado-con-_X_-blanca.webp\" alt=\"Mobbex\"><\/li>\n<li><strong>Mercado Pago:<\/strong> Dinero en cuenta y Tarjetas en 1 Pago. <img decoding=\"async\" style=\"height: 22px; width: auto; vertical-align: middle; margin-left: 6px;\" src=\"https:\/\/mebac.com.ar\/jujuy\/wp-content\/uploads\/2026\/02\/handshake_logo_4k_transparent.png\" alt=\"Mercado Pago\"><\/li>\n<\/ul>\n<\/div>\n<p><!-- Secci\u00f3n: Compra por Mostrador --><\/p>\n<div class=\"msc-pago-section\">\n<div class=\"msc-pago-header\">\n<div class=\"msc-pago-icon\"><img decoding=\"async\" src=\"data:image\/svg+xml;base64,PHN2ZyB4bWxucz0iaHR0cDovL3d3dy53My5vcmcvMjAwMC9zdmciIHdpZHRoPSIyNCIgaGVpZ2h0PSIyNCIgdmlld0JveD0iMCAwIDI0IDI0IiBmaWxsPSJub25lIiBzdHJva2U9IiMwYTg0ZmYiIHN0cm9rZS13aWR0aD0iMiIgc3Ryb2tlLWxpbmVjYXA9InJvdW5kIiBzdHJva2UtbGluZWpvaW49InJvdW5kIj48cGF0aCBkPSJNMyA5bDktNyA5IDd2MTFhMiAyIDAgMCAxLTIgMkg1YTIgMiAwIDAgMS0yLTJ6Ij48L3BhdGg+PHBvbHlsaW5lIHBvaW50cz0iOSAyMiA5IDEyIDE1IDEyIDE1IDIyIj48L3BvbHlsaW5lPjwvc3ZnPg==\" alt=\"Compra por Mostrador\"><\/div>\n<h3 class=\"msc-pago-title\">Compra por Mostrador<\/h3>\n<\/div>\n<ul class=\"msc-pago-list\">\n<li><strong>Efectivo:<\/strong> pesos<\/li>\n<li><strong>Cheques propios<\/strong><\/li>\n<li><strong>Transferencia<\/strong> \u2014 <a class=\"msc-pago-link\" href=\"#\">Ver Datos<\/a><\/li>\n<li><strong>Tarjetas de d\u00e9bito:<\/strong> Visa d\u00e9bito, Maestro, Mastercard debit.<\/li>\n<li><strong>Tarjetas de cr\u00e9dito bancarias:<\/strong> 1, 3, 6, 9 y 12 cuotas con Visa y Mastercard.<\/li>\n<li><strong>Tarjetas de cr\u00e9dito no bancarias:<\/strong> CMR Mastercard, Mastercard Cencosud, Mastercard Tarjeta Naranja, Visa Tarjeta Naranja, Tarjeta Shopping. En un pago.<\/li>\n<li><strong>Tarjeta Naranja:<\/strong> en un pago y en Zeta.<\/li>\n<li><strong>Tarjetas Prepagas:<\/strong> Todas.<\/li>\n<\/ul>\n<\/div>\n<p><!-- Secci\u00f3n: Compra Telef\u00f3nica --><\/p>\n<div class=\"msc-pago-section\">\n<div class=\"msc-pago-header\">\n<div class=\"msc-pago-icon\"><img decoding=\"async\" src=\"data:image\/svg+xml;base64,PHN2ZyB4bWxucz0iaHR0cDovL3d3dy53My5vcmcvMjAwMC9zdmciIHdpZHRoPSIyNCIgaGVpZ2h0PSIyNCIgdmlld0JveD0iMCAwIDI0IDI0IiBmaWxsPSJub25lIiBzdHJva2U9IiMwYTg0ZmYiIHN0cm9rZS13aWR0aD0iMiIgc3Ryb2tlLWxpbmVjYXA9InJvdW5kIiBzdHJva2UtbGluZWpvaW49InJvdW5kIj48cGF0aCBkPSJNMjIgMTYuOTJ2M2EyIDIgMCAwIDEtMi4xOCAyIDE5Ljc5IDE5Ljc5IDAgMCAxLTguNjMtMy4wNyAxOS41IDE5LjUgMCAwIDEtNi02IDE5Ljc5IDE5Ljc5IDAgMCAxLTMuMDctOC42N0EyIDIgMCAwIDEgNC4xMSAyaDNhMiAyIDAgMCAxIDIgMS43MiAxMi44NCAxMi44NCAwIDAgMCAuNyAyLjgxIDIgMiAwIDAgMS0uNDUgMi4xMUw4LjA5IDkuOTFhMTYgMTYgMCAwIDAgNiA2bDEuMjctMS4yN2EyIDIgMCAwIDEgMi4xMS0uNDUgMTIuODQgMTIuODQgMCAwIDAgMi44MS43QTIgMiAwIDAgMSAyMiAxNi45MnoiPjwvcGF0aD48L3N2Zz4=\" alt=\"Compra Telef\u00f3nica\"><\/div>\n<div class=\"msc-pago-title-group\">\n<h3 class=\"msc-pago-title\">Compra Telef\u00f3nica y por Whatsapp<\/h3>\n<p><span class=\"msc-pago-badge msc-pago-badge-success\">Env\u00edos Gratis<\/span><\/p>\n<\/div>\n<\/div>\n<ul class=\"msc-pago-list\">\n<li><strong>Cheques propios<\/strong><\/li>\n<li><strong>Transferencia<\/strong> \u2014 <a class=\"msc-pago-link\" href=\"#\">Ver Datos<\/a><\/li>\n<li><strong>Tarjetas de cr\u00e9dito bancarias:<\/strong> Visa y Mastercard en un pago.<\/li>\n<li><strong>Tarjetas de cr\u00e9dito no bancarias:<\/strong> CMR Mastercard, Mastercard Cencosud, Mastercard Tarjeta Naranja, Visa Tarjeta Naranja, Tarjeta Shopping. En un pago.<\/li>\n<li><strong>Tarjeta Naranja:<\/strong> en un pago.<\/li>\n<li><strong>Tarjetas Prepagas:<\/strong> Todas.<\/li>\n<\/ul>\n<\/div>\n<p><!-- Secci\u00f3n: Cronograma de Env\u00edos --><\/p>\n<div class=\"msc-pago-section\">\n<div class=\"msc-pago-header\">\n<div class=\"msc-pago-icon\"><img decoding=\"async\" src=\"data:image\/svg+xml;base64,PHN2ZyB4bWxucz0iaHR0cDovL3d3dy53My5vcmcvMjAwMC9zdmciIHdpZHRoPSIyNCIgaGVpZ2h0PSIyNCIgdmlld0JveD0iMCAwIDI0IDI0IiBmaWxsPSJub25lIiBzdHJva2U9IiMwYTg0ZmYiIHN0cm9rZS13aWR0aD0iMiIgc3Ryb2tlLWxpbmVjYXA9InJvdW5kIiBzdHJva2UtbGluZWpvaW49InJvdW5kIj48cmVjdCB4PSIxIiB5PSIzIiB3aWR0aD0iMTUiIGhlaWdodD0iMTMiPjwvcmVjdD48cG9seWdvbiBwb2ludHM9IjE2IDggMjAgOCAyMyAxMSAyMyAxNiAxNiAxNiAxNiA4Ij48L3BvbHlnb24+PGNpcmNsZSBjeD0iNS41IiBjeT0iMTguNSIgcj0iMi41Ij48L2NpcmNsZT48Y2lyY2xlIGN4PSIxOC41IiBjeT0iMTguNSIgcj0iMi41Ij48L2NpcmNsZT48L3N2Zz4=\" alt=\"Cronograma de Env\u00edos\"><\/div>\n<h3 class=\"msc-pago-title\">Cronograma de Env\u00edos<\/h3>\n<\/div>\n<div class=\"msc-pago-envios-grid\">\n<div class=\"msc-pago-envio-item\"><span class=\"msc-pago-envio-dia\">Todos los d\u00edas<\/span><br \/>\n<span class=\"msc-pago-envio-lugares\">San Salvador, Rio Blanco, Palpal\u00e1.<\/span><\/div>\n<div class=\"msc-pago-envio-item\"><span class=\"msc-pago-envio-dia\">Lunes<\/span><br \/>\n<span class=\"msc-pago-envio-lugares\">San Pedro, la Mendieta.<br \/>\nPerico, Santo Domingo, Monterrico, el Carmen.<\/span><\/div>\n<div class=\"msc-pago-envio-item\"><span class=\"msc-pago-envio-dia\">Mi\u00e9rcoles<\/span><br \/>\n<span class=\"msc-pago-envio-lugares\">Reyes, Yala, Lozano, San Pablo, Leon, B\u00e1rcena, Volcan, Tumbaya, Purmamarca, Maimar\u00e1, Tilcara, Uqu\u00eda, Huacalera, Humahuaca.<\/span><\/div>\n<div class=\"msc-pago-envio-item\"><span class=\"msc-pago-envio-dia\">Jueves<\/span><br \/>\n<span class=\"msc-pago-envio-lugares\">San Pedro, La Mendieta, Fraile, Libertador Gral San Mart\u00edn.<br \/>\nPerico, Santo Domingo, Monterrico, el Carmen.<\/span><\/div>\n<\/div>\n<\/div>\n<\/div>\n<p><!-- Popup Datos de Transferencia (FUERA del contenedor principal) --><\/p>\n<div id=\"msc-pago-popup-overlay\" class=\"msc-pago-popup-overlay\">\n<div class=\"msc-pago-popup\"><button id=\"msc-pago-popup-close\" class=\"msc-pago-popup-close\" type=\"button\" aria-label=\"Cerrar\">\u00d7<\/button><\/p>\n<div class=\"msc-pago-popup-icon\"><img decoding=\"async\" src=\"data:image\/svg+xml;base64,PHN2ZyB4bWxucz0iaHR0cDovL3d3dy53My5vcmcvMjAwMC9zdmciIHdpZHRoPSIyNCIgaGVpZ2h0PSIyNCIgdmlld0JveD0iMCAwIDI0IDI0IiBmaWxsPSJub25lIiBzdHJva2U9InJnYigyOCwgOTcsIDIzMSkiIHN0cm9rZS13aWR0aD0iMiIgc3Ryb2tlLWxpbmVjYXA9InJvdW5kIiBzdHJva2UtbGluZWpvaW49InJvdW5kIj48cmVjdCB4PSIxIiB5PSI0IiB3aWR0aD0iMjIiIGhlaWdodD0iMTYiIHJ4PSIyIiByeT0iMiI+PC9yZWN0PjxjaXJjbGUgY3g9IjEyIiBjeT0iMTIiIHI9IjMiPjwvY2lyY2xlPjxsaW5lIHgxPSIxIiB5MT0iNCIgeDI9IjEiIHkyPSI0Ij48L2xpbmU+PC9zdmc+\" alt=\"Transferencia\"><\/div>\n<h4 class=\"msc-pago-popup-title\">Datos para Transferencia<\/h4>\n<div class=\"msc-pago-popup-data\">\n<div class=\"msc-pago-popup-row\"><span class=\"msc-pago-popup-label\">CVU:<\/span><br \/>\n<span class=\"msc-pago-popup-value\">0000003100090409932138<\/span><\/div>\n<div class=\"msc-pago-popup-row\"><span class=\"msc-pago-popup-label\">Alias:<\/span><br \/>\n<span class=\"msc-pago-popup-value\">mejujuy<\/span><\/div>\n<\/div>\n<\/div>\n<\/div>\n<p>&nbsp;<br \/>\n[\/vc_column_text][\/vc_column][\/vc_row]<\/p>\n<\/div>","protected":false},"excerpt":{"rendered":"<p>[vc_row][vc_column][vc_column_text css=\u00bb\u00bb woodmart_inline=\u00bbno\u00bb text_larger=\u00bbno\u00bb] Compra Online Retiro en Sucursal Env\u00edos Gratis Transferencias: desde tu cuenta bancaria o billetera digital. Tarjetas<\/p>\n","protected":false},"author":1,"featured_media":0,"parent":0,"menu_order":0,"comment_status":"closed","ping_status":"closed","template":"","meta":{"_joinchat":[],"footnotes":""},"class_list":["post-915748","page","type-page","status-publish","hentry"],"jetpack_sharing_enabled":true,"_links":{"self":[{"href":"https:\/\/mebac.com.ar\/jujuy\/wp-json\/wp\/v2\/pages\/915748","targetHints":{"allow":["GET"]}}],"collection":[{"href":"https:\/\/mebac.com.ar\/jujuy\/wp-json\/wp\/v2\/pages"}],"about":[{"href":"https:\/\/mebac.com.ar\/jujuy\/wp-json\/wp\/v2\/types\/page"}],"author":[{"embeddable":true,"href":"https:\/\/mebac.com.ar\/jujuy\/wp-json\/wp\/v2\/users\/1"}],"replies":[{"embeddable":true,"href":"https:\/\/mebac.com.ar\/jujuy\/wp-json\/wp\/v2\/comments?post=915748"}],"version-history":[{"count":20,"href":"https:\/\/mebac.com.ar\/jujuy\/wp-json\/wp\/v2\/pages\/915748\/revisions"}],"predecessor-version":[{"id":1025554,"href":"https:\/\/mebac.com.ar\/jujuy\/wp-json\/wp\/v2\/pages\/915748\/revisions\/1025554"}],"wp:attachment":[{"href":"https:\/\/mebac.com.ar\/jujuy\/wp-json\/wp\/v2\/media?parent=915748"}],"curies":[{"name":"wp","href":"https:\/\/api.w.org\/{rel}","templated":true}]}}