{"id":1027781,"date":"2024-12-31T21:00:00","date_gmt":"2025-01-01T00:00:00","guid":{"rendered":"https:\/\/mebac.com.ar\/jujuy\/producto\/ambart-a4-260-grs-microporoso-glossy-x-20-hojas\/"},"modified":"2026-05-06T23:26:36","modified_gmt":"2026-05-07T02:26:36","slug":"ambart-a4-260-grs-microporoso-glossy-x-20-hojas","status":"publish","type":"product","link":"https:\/\/mebac.com.ar\/jujuy\/producto\/ambart-a4-260-grs-microporoso-glossy-x-20-hojas\/","title":{"rendered":"Ambart A4 260 Grs Microporoso Glossy X 20 Hojas"},"content":{"rendered":"<div class=\"wpb-content-wrapper\"><p>[vc_row][vc_column][vc_column_text]<\/p>\n<ul>\n<li>Denominaci\u00f3n: Microporus Glossy<\/li>\n<li>Tama\u00f1o: A4<\/li>\n<li>Superficie: Brillante<\/li>\n<li>Gramaje: 260gr<\/li>\n<li>Cantidad de hojas: 20 u.<\/li>\n<li>Caracter\u00edsticas: En un papel RC de alt\u00edsima calidad para tintas al agua, micro-poroso de secado instant\u00e1neo, alta longevidad (conservaci\u00f3n del color a trav\u00e9s del tiempo), resistente al agua, m\u00e1xima resoluci\u00f3n, precisi\u00f3n y saturaci\u00f3n del color. Compatible con todos los plotters e impresoras con tintas al agua y\/o pigmentadas, capaz de reproducir cualquier espacio de color.<\/li>\n<li>Aplicaciones: \u00a0Fotograf\u00edas social y publicitaria. Foto \u00e1lbumes. Folleter\u00eda. Artes gr\u00e1ficas. Arte Digital.<\/li>\n<\/ul>\n<p>[\/vc_column_text][\/vc_column][\/vc_row]<\/p>\n<\/div>","protected":false},"excerpt":{"rendered":"<p>Papel Microporoso Glossy Ambart A4 260 Gramos Resma X 20 Hojas<\/p>\n","protected":false},"featured_media":1027782,"template":"","meta":{"_joinchat":[]},"product_brand":[1721],"product_cat":[666,141,657],"product_tag":[],"class_list":{"0":"post-1027781","1":"product","2":"type-product","3":"status-publish","4":"has-post-thumbnail","6":"product_brand-ambart","7":"product_cat-fotograficos-profesionales","8":"product_cat-papeles","9":"product_cat-papeles-para-imprimir","11":"first","12":"outofstock","13":"shipping-taxable","14":"purchasable","15":"product-type-simple"},"jetpack_sharing_enabled":true,"_links":{"self":[{"href":"https:\/\/mebac.com.ar\/jujuy\/wp-json\/wp\/v2\/product\/1027781","targetHints":{"allow":["GET"]}}],"collection":[{"href":"https:\/\/mebac.com.ar\/jujuy\/wp-json\/wp\/v2\/product"}],"about":[{"href":"https:\/\/mebac.com.ar\/jujuy\/wp-json\/wp\/v2\/types\/product"}],"wp:featuredmedia":[{"embeddable":true,"href":"https:\/\/mebac.com.ar\/jujuy\/wp-json\/wp\/v2\/media\/1027782"}],"wp:attachment":[{"href":"https:\/\/mebac.com.ar\/jujuy\/wp-json\/wp\/v2\/media?parent=1027781"}],"wp:term":[{"taxonomy":"product_brand","embeddable":true,"href":"https:\/\/mebac.com.ar\/jujuy\/wp-json\/wp\/v2\/product_brand?post=1027781"},{"taxonomy":"product_cat","embeddable":true,"href":"https:\/\/mebac.com.ar\/jujuy\/wp-json\/wp\/v2\/product_cat?post=1027781"},{"taxonomy":"product_tag","embeddable":true,"href":"https:\/\/mebac.com.ar\/jujuy\/wp-json\/wp\/v2\/product_tag?post=1027781"}],"curies":[{"name":"wp","href":"https:\/\/api.w.org\/{rel}","templated":true}]}}