{"id":1029731,"date":"2024-12-31T21:00:00","date_gmt":"2025-01-01T00:00:00","guid":{"rendered":"https:\/\/mebac.com.ar\/jujuy\/producto\/tinta-inktec-sublinova-plotter-epson-serie-f-yellow-x-1000\/"},"modified":"2026-05-06T23:28:04","modified_gmt":"2026-05-07T02:28:04","slug":"tinta-inktec-sublinova-plotter-epson-serie-f-yellow-x-1000","status":"publish","type":"product","link":"https:\/\/mebac.com.ar\/jujuy\/producto\/tinta-inktec-sublinova-plotter-epson-serie-f-yellow-x-1000\/","title":{"rendered":"Tinta Inktec Sublinova Plotter Epson Serie F Yellow X 1000"},"content":{"rendered":"<div class=\"wpb-content-wrapper\"><p>[vc_row][vc_column][vc_column_text]<\/p>\n<ul>\n<li>Por su variedad, calidad y rendimiento, las tintas INKTEC SUBLINOVA son el nuevo est\u00e1ndar en sublimaci\u00f3n para Plotters Epson de la Serie F<\/li>\n<\/ul>\n<h3><strong>Altas Prestaciones<\/strong><\/h3>\n<ul>\n<li>Colores brillantes con un excelente rendimiento.<\/li>\n<\/ul>\n<h3><strong>Gran Resistencia<\/strong><\/h3>\n<ul>\n<li>Cuando se utilizan para la impresi\u00f3n en tejidos de poli\u00e9ster y mezcla, INKTEC SUBLINOVA ofrece una alta resistencia al lavado y la luz adem\u00e1s de una gran resistencia a la transpiraci\u00f3n \u00e1cida y alcalina y al barro. Ideal para prendas deportivas.<\/li>\n<\/ul>\n<h3><strong>Eco Amigable<\/strong><\/h3>\n<ul>\n<li>La serie de tintas INKTEC SUBLINOVA son respetuosas con el medio ambiente usando solo colorantes de alta calidad. Las tintas INKTEC SUBLINOVA son libres de Compuestos Org\u00e1nicos Vol\u00e1tiles (VOCs), formaldeh\u00eddo o alquilfenoles adem\u00e1s de cumplir con la normativa ROHS.<\/li>\n<\/ul>\n<p>[\/vc_column_text][\/vc_column][\/vc_row]<\/p>\n<\/div>","protected":false},"excerpt":{"rendered":"<p>Tinta Inktec Sublinova Yellow Compatible Con Todos Los Plotter Epson De La Serie F X Litro + Chip<\/p>\n","protected":false},"featured_media":1029732,"template":"","meta":{"_joinchat":[]},"product_brand":[1713],"product_cat":[661,1215,1223],"product_tag":[],"class_list":{"0":"post-1029731","1":"product","2":"type-product","3":"status-publish","4":"has-post-thumbnail","6":"product_brand-inktec","7":"product_cat-estampado","8":"product_cat-insumos-para-estampar","9":"product_cat-tintas-para-sublimar-pequeno-formato","11":"first","12":"outofstock","13":"shipping-taxable","14":"purchasable","15":"product-type-simple"},"jetpack_sharing_enabled":true,"_links":{"self":[{"href":"https:\/\/mebac.com.ar\/jujuy\/wp-json\/wp\/v2\/product\/1029731","targetHints":{"allow":["GET"]}}],"collection":[{"href":"https:\/\/mebac.com.ar\/jujuy\/wp-json\/wp\/v2\/product"}],"about":[{"href":"https:\/\/mebac.com.ar\/jujuy\/wp-json\/wp\/v2\/types\/product"}],"wp:featuredmedia":[{"embeddable":true,"href":"https:\/\/mebac.com.ar\/jujuy\/wp-json\/wp\/v2\/media\/1029732"}],"wp:attachment":[{"href":"https:\/\/mebac.com.ar\/jujuy\/wp-json\/wp\/v2\/media?parent=1029731"}],"wp:term":[{"taxonomy":"product_brand","embeddable":true,"href":"https:\/\/mebac.com.ar\/jujuy\/wp-json\/wp\/v2\/product_brand?post=1029731"},{"taxonomy":"product_cat","embeddable":true,"href":"https:\/\/mebac.com.ar\/jujuy\/wp-json\/wp\/v2\/product_cat?post=1029731"},{"taxonomy":"product_tag","embeddable":true,"href":"https:\/\/mebac.com.ar\/jujuy\/wp-json\/wp\/v2\/product_tag?post=1029731"}],"curies":[{"name":"wp","href":"https:\/\/api.w.org\/{rel}","templated":true}]}}