{"id":1031791,"date":"2024-12-31T21:00:00","date_gmt":"2025-01-01T00:00:00","guid":{"rendered":"https:\/\/mebac.com.ar\/jujuy\/producto\/espiral-dasa-n-12-transparente-x-50-70h\/"},"modified":"2026-05-06T23:29:37","modified_gmt":"2026-05-07T02:29:37","slug":"espiral-dasa-n-12-transparente-x-50-70h","status":"publish","type":"product","link":"https:\/\/mebac.com.ar\/jujuy\/producto\/espiral-dasa-n-12-transparente-x-50-70h\/","title":{"rendered":"Espiral Dasa N 12 Transparente X 50 (70h)"},"content":{"rendered":"<div class=\"wpb-content-wrapper\"><p>[vc_row][vc_column][vc_column_text]Espirales plasticos para anillar, elaborados en PVC r\u00edgido. El espesor del hilo es de 1,5mm, garantizando su resistencia contra las deformaciones y su f\u00e1cil colocaci\u00f3n, tanto de forma manual como automatizada, ahorrando tiempo y esfuerzo. Permite girar la encuadernaci\u00f3n 360\u00ba y agregar o retirar hojas. Disponibles en tama\u00f1o Oficio y A4.[\/vc_column_text][\/vc_column][\/vc_row]<\/p>\n<\/div>","protected":false},"excerpt":{"rendered":"<p>Espiral Dasa N 12 Transparente Para Encuadernacion (material Virgen, No Reciclado) Hasta 70 Hojas En Bolsa De 50 Unidades<\/p>\n","protected":false},"featured_media":1031792,"template":"","meta":{"_joinchat":[]},"product_brand":[1741],"product_cat":[1399,1435,1454],"product_tag":[],"class_list":{"0":"post-1031791","1":"product","2":"type-product","3":"status-publish","4":"has-post-thumbnail","6":"product_brand-dasa","7":"product_cat-encuadernacion-corte-y-craft","8":"product_cat-encuadernar","9":"product_cat-espirales-plasticos","11":"first","12":"outofstock","13":"shipping-taxable","14":"purchasable","15":"product-type-simple"},"jetpack_sharing_enabled":true,"_links":{"self":[{"href":"https:\/\/mebac.com.ar\/jujuy\/wp-json\/wp\/v2\/product\/1031791","targetHints":{"allow":["GET"]}}],"collection":[{"href":"https:\/\/mebac.com.ar\/jujuy\/wp-json\/wp\/v2\/product"}],"about":[{"href":"https:\/\/mebac.com.ar\/jujuy\/wp-json\/wp\/v2\/types\/product"}],"wp:featuredmedia":[{"embeddable":true,"href":"https:\/\/mebac.com.ar\/jujuy\/wp-json\/wp\/v2\/media\/1031792"}],"wp:attachment":[{"href":"https:\/\/mebac.com.ar\/jujuy\/wp-json\/wp\/v2\/media?parent=1031791"}],"wp:term":[{"taxonomy":"product_brand","embeddable":true,"href":"https:\/\/mebac.com.ar\/jujuy\/wp-json\/wp\/v2\/product_brand?post=1031791"},{"taxonomy":"product_cat","embeddable":true,"href":"https:\/\/mebac.com.ar\/jujuy\/wp-json\/wp\/v2\/product_cat?post=1031791"},{"taxonomy":"product_tag","embeddable":true,"href":"https:\/\/mebac.com.ar\/jujuy\/wp-json\/wp\/v2\/product_tag?post=1031791"}],"curies":[{"name":"wp","href":"https:\/\/api.w.org\/{rel}","templated":true}]}}