{"id":1034599,"date":"2024-12-31T21:00:00","date_gmt":"2025-01-01T00:00:00","guid":{"rendered":"https:\/\/mebac.com.ar\/jujuy\/producto\/transfer-foil-metalico-cobre-32cmx500cm\/"},"modified":"2026-05-06T23:32:51","modified_gmt":"2026-05-07T02:32:51","slug":"transfer-foil-metalico-cobre-32cmx500cm","status":"publish","type":"product","link":"https:\/\/mebac.com.ar\/jujuy\/producto\/transfer-foil-metalico-cobre-32cmx500cm\/","title":{"rendered":"Transfer Foil Metalico Cobre 32cmx500cm"},"content":{"rendered":"<div class=\"wpb-content-wrapper\"><p>[vc_row][vc_column][vc_column_text el_id=\u00bbsonaframe\u00bb el_class=\u00bbsonaframe\u00bb]<\/p>\n<h3>\u00bfQu\u00e9 es?<\/h3>\n<p>El transfer foil es una lamina que se adhiere mediante calor (proporcionado por una plastificadora) a tinta toner impresa sobre una hoja de papel.\u00a0 Es ideal para brindar un acabado met\u00e1lico, brillante y colorido a todos tus dise\u00f1os.<\/p>\n<p>Es utilizado mayormente para realizar tapas de agendas, tarjetas, etc.<\/p>\n<h3><\/h3>\n<h3>\u00bfQu\u00e9 necesito?<\/h3>\n<p>Adem\u00e1s del transfer foil y el papel o cartulina donde quer\u00e9s el dise\u00f1o, necesit\u00e1s:<\/p>\n<ul>\n<li>Impresora l\u00e1ser con t\u00f3ner de buena calidad<\/li>\n<li>Plastificadora<\/li>\n<li>Papel blanco com\u00fan<\/li>\n<\/ul>\n<h3>\u00bfC\u00f3mo se usa?<\/h3>\n<ol>\n<li>Pon\u00e9 a calentar tu plastificadora a una temperatura media. Usando una de nuestras\u00a0<a title=\"\" href=\"https:\/\/binderplus.com.ar\/shop\/product\/lm330p-plastificadora-personal-a3-1116?category=3\" data-original-title=\"\" data-original- target=\"_blank\" rel=\"noopener\">plastificadoras personales<\/a>, recomendamos ponerla en 150.<\/li>\n<li>En un papel o cartulina, imprim\u00ed en negro las \u00e1reas donde quer\u00e9s que se adhiera el foil. Es importante que la impresora est\u00e9 configurada para imprimir en la calidad m\u00e1xima y que el t\u00f3ner utilizado sea de buena calidad.<\/li>\n<li>Cort\u00e1 una secci\u00f3n de foil lo suficientemente grande como para cubrir el dise\u00f1o y colocalo sobre la hoja, intentando que quede tan plano como sea posible.<\/li>\n<li>Dobl\u00e1 una hoja de papel a la mitad como si fuera un sobre y coloc\u00e1 la hoja impresa y el foil adentro.<\/li>\n<li>Una vez que tu plastificadora est\u00e9 a temperatura insert\u00e1 las hojas procurando pasar primero el lado que tiene el pliegue del sobre.<\/li>\n<li>Dej\u00e1 a un lado el sobre y pas\u00e1 por la plastificadora solamente la hoja con el foil una o dos veces, en lo posible metiendo primero siempre un lado distinto de la hoja.<\/li>\n<li>Delicadamente separ\u00e1 el foil de el papel o la cartulina.<\/li>\n<\/ol>\n<p>[\/vc_column_text][\/vc_column][\/vc_row][vc_row][vc_column][vc_video link=\u00bbhttps:\/\/youtu.be\/Brii86PsC0Q\u00bb align=\u00bbcenter\u00bb el_id=\u00bbvideoproducto\u00bb el_class=\u00bbvideoproducto\u00bb][\/vc_column][\/vc_row]<\/p>\n<\/div>","protected":false},"excerpt":{"rendered":"<p>Papel Transfer Foil Metalico Cobre 32cmx500cm<\/p>\n","protected":false},"featured_media":1034600,"template":"","meta":{"_joinchat":[]},"product_brand":[1728],"product_cat":[1406,1399,1582],"product_tag":[],"class_list":{"0":"post-1034599","1":"product","2":"type-product","3":"status-publish","4":"has-post-thumbnail","6":"product_brand-sin-marca","7":"product_cat-embossing","8":"product_cat-encuadernacion-corte-y-craft","9":"product_cat-foil-reactivo-al-toner","11":"first","12":"outofstock","13":"shipping-taxable","14":"purchasable","15":"product-type-simple"},"jetpack_sharing_enabled":true,"_links":{"self":[{"href":"https:\/\/mebac.com.ar\/jujuy\/wp-json\/wp\/v2\/product\/1034599","targetHints":{"allow":["GET"]}}],"collection":[{"href":"https:\/\/mebac.com.ar\/jujuy\/wp-json\/wp\/v2\/product"}],"about":[{"href":"https:\/\/mebac.com.ar\/jujuy\/wp-json\/wp\/v2\/types\/product"}],"wp:featuredmedia":[{"embeddable":true,"href":"https:\/\/mebac.com.ar\/jujuy\/wp-json\/wp\/v2\/media\/1034600"}],"wp:attachment":[{"href":"https:\/\/mebac.com.ar\/jujuy\/wp-json\/wp\/v2\/media?parent=1034599"}],"wp:term":[{"taxonomy":"product_brand","embeddable":true,"href":"https:\/\/mebac.com.ar\/jujuy\/wp-json\/wp\/v2\/product_brand?post=1034599"},{"taxonomy":"product_cat","embeddable":true,"href":"https:\/\/mebac.com.ar\/jujuy\/wp-json\/wp\/v2\/product_cat?post=1034599"},{"taxonomy":"product_tag","embeddable":true,"href":"https:\/\/mebac.com.ar\/jujuy\/wp-json\/wp\/v2\/product_tag?post=1034599"}],"curies":[{"name":"wp","href":"https:\/\/api.w.org\/{rel}","templated":true}]}}