{"id":1036265,"date":"2024-12-31T21:00:00","date_gmt":"2025-01-01T00:00:00","guid":{"rendered":"https:\/\/mebac.com.ar\/jujuy\/producto\/ambart-a4-230-grs-glossy-texturado-tablero-de-ajedrez-x-20-hojas\/"},"modified":"2026-05-11T17:56:25","modified_gmt":"2026-05-11T20:56:25","slug":"ambart-a4-230-grs-glossy-texturado-tablero-de-ajedrez-x-20-hojas","status":"publish","type":"product","link":"https:\/\/mebac.com.ar\/jujuy\/producto\/ambart-a4-230-grs-glossy-texturado-tablero-de-ajedrez-x-20-hojas\/","title":{"rendered":"Ambart A4 230 Grs Glossy Texturado Tablero De Ajedrez X 20 Hojas"},"content":{"rendered":"<div class=\"wpb-content-wrapper\"><p>[vc_row][vc_column][vc_column_text]<\/p>\n<ul>\n<li>Denominaci\u00f3n: Texturado simil Ajedrez<\/li>\n<li>Tama\u00f1o: A4<\/li>\n<li>Superficie: brillo tramado<\/li>\n<li>Gramaje: 230gr<\/li>\n<li>Cantidad de hojas: 20 u.<\/li>\n<li>Caracter\u00edsticas: Es papel de secado instant\u00e1neo, excelente resoluci\u00f3n y saturaci\u00f3n del color. Compatible con todas las impresoras con tintas al agua y\/o pigmentadas. Tambien puede usarse en impresoras laser.<\/li>\n<li>Aplicaciones: \u00a0\u00a0Folleter\u00eda. Tarjeteria. Artes gr\u00e1ficas. Arte Digital.<\/li>\n<\/ul>\n<p>[\/vc_column_text][\/vc_column][\/vc_row]<\/p>\n<\/div>","protected":false},"excerpt":{"rendered":"<p>Papel Glossy Texturado Tablero De Ajedrez Ambart A4 230 Gramos Resma X 20 Hojas<\/p>\n","protected":false},"featured_media":1036266,"template":"","meta":{"_joinchat":[]},"product_brand":[1721],"product_cat":[141,657,664],"product_tag":[],"class_list":{"0":"post-1036265","1":"product","2":"type-product","3":"status-publish","4":"has-post-thumbnail","6":"product_brand-ambart","7":"product_cat-papeles","8":"product_cat-papeles-para-imprimir","9":"product_cat-texturados","11":"first","12":"outofstock","13":"shipping-taxable","14":"purchasable","15":"product-type-simple"},"jetpack_sharing_enabled":true,"_links":{"self":[{"href":"https:\/\/mebac.com.ar\/jujuy\/wp-json\/wp\/v2\/product\/1036265","targetHints":{"allow":["GET"]}}],"collection":[{"href":"https:\/\/mebac.com.ar\/jujuy\/wp-json\/wp\/v2\/product"}],"about":[{"href":"https:\/\/mebac.com.ar\/jujuy\/wp-json\/wp\/v2\/types\/product"}],"wp:featuredmedia":[{"embeddable":true,"href":"https:\/\/mebac.com.ar\/jujuy\/wp-json\/wp\/v2\/media\/1036266"}],"wp:attachment":[{"href":"https:\/\/mebac.com.ar\/jujuy\/wp-json\/wp\/v2\/media?parent=1036265"}],"wp:term":[{"taxonomy":"product_brand","embeddable":true,"href":"https:\/\/mebac.com.ar\/jujuy\/wp-json\/wp\/v2\/product_brand?post=1036265"},{"taxonomy":"product_cat","embeddable":true,"href":"https:\/\/mebac.com.ar\/jujuy\/wp-json\/wp\/v2\/product_cat?post=1036265"},{"taxonomy":"product_tag","embeddable":true,"href":"https:\/\/mebac.com.ar\/jujuy\/wp-json\/wp\/v2\/product_tag?post=1036265"}],"curies":[{"name":"wp","href":"https:\/\/api.w.org\/{rel}","templated":true}]}}