{"id":1039389,"date":"2024-12-31T21:00:00","date_gmt":"2025-01-01T00:00:00","guid":{"rendered":"https:\/\/mebac.com.ar\/jujuy\/producto\/freesub-10-en-1-38x38\/"},"modified":"2026-05-11T17:59:18","modified_gmt":"2026-05-11T20:59:18","slug":"freesub-10-en-1-38x38","status":"publish","type":"product","link":"https:\/\/mebac.com.ar\/jujuy\/producto\/freesub-10-en-1-38x38\/","title":{"rendered":"Freesub 10 En 1 38&#215;38"},"content":{"rendered":"<div class=\"wpb-content-wrapper\"><p>[vc_row][vc_column][vc_column_text]La m\u00e1quina de prensa de calor 12 en 1 m\u00e1s rentable. Es la soluci\u00f3n perfecta para peque\u00f1os emprendedores. La m\u00e1quina puede transferir: camiseta, almohadilla de rat\u00f3n, marco de fotos de vidrio, tazas, plato, gorras, etc.<\/p>\n<ul>\n<li>Incluye accesorio plano de 38\u00d738 cm, de tazas rectas de 6oz, 9oz, 11oz, c\u00f3nicas de 12oz y 17oz, para botellas, de platos de 12 y 15c, para gorras y para lapiceras.<\/li>\n<li>Temperatura constante e inteligente, la operaci\u00f3n es simple.<\/li>\n<li>Fuerte, estable, facil de operar,\u00a0excelente transferencia.<\/li>\n<li>Construida en Aluminio, no se oxida.<\/li>\n<li>Dise\u00f1o dinamico, menor esfuerzo, menores roturas.<\/li>\n<li>Acabados Metalicos y Molduras de\u00a0pl\u00e1stico\u00a0de gran calidad<\/li>\n<\/ul>\n<h3><strong>Especificaciones:<\/strong><\/h3>\n<ul>\n<li>Voltaje:220V\/110V<\/li>\n<li>Peso:30 KG<\/li>\n<li>Dimensiones: 58X54X42 cm<\/li>\n<\/ul>\n<p>[\/vc_column_text][\/vc_column][\/vc_row][vc_row][vc_column][vc_video link=\u00bbhttps:\/\/youtu.be\/pxS4JgOHXbo\u00bb align=\u00bbcenter\u00bb el_class=\u00bbvideoproducto\u00bb][\/vc_column][\/vc_row]<\/p>\n<\/div>","protected":false},"excerpt":{"rendered":"<p>Vf1038 Plancha Termica Freesub 10 En 1 Contiene Los Siguientes Accesorios: 1 Plano De 38&#215;38 Cm 1 Botella De Aluminio 3 Tazas Rectas De 6 9 Y 11 Oz 1 Taza Conica De 12 Oz 2 Platos 11 Y 15 Cm 1 Gorra 1 Lapicera X 12 U<\/p>\n","protected":false},"featured_media":1039390,"template":"","meta":{"_joinchat":[]},"product_brand":[1728],"product_cat":[661,1449,1450],"product_tag":[],"class_list":{"0":"post-1039389","1":"product","2":"type-product","3":"status-publish","4":"has-post-thumbnail","6":"product_brand-sin-marca","7":"product_cat-estampado","8":"product_cat-maquinas-para-estampar","9":"product_cat-planchas-termicas","11":"first","12":"outofstock","13":"shipping-taxable","14":"purchasable","15":"product-type-simple"},"jetpack_sharing_enabled":true,"_links":{"self":[{"href":"https:\/\/mebac.com.ar\/jujuy\/wp-json\/wp\/v2\/product\/1039389","targetHints":{"allow":["GET"]}}],"collection":[{"href":"https:\/\/mebac.com.ar\/jujuy\/wp-json\/wp\/v2\/product"}],"about":[{"href":"https:\/\/mebac.com.ar\/jujuy\/wp-json\/wp\/v2\/types\/product"}],"wp:featuredmedia":[{"embeddable":true,"href":"https:\/\/mebac.com.ar\/jujuy\/wp-json\/wp\/v2\/media\/1039390"}],"wp:attachment":[{"href":"https:\/\/mebac.com.ar\/jujuy\/wp-json\/wp\/v2\/media?parent=1039389"}],"wp:term":[{"taxonomy":"product_brand","embeddable":true,"href":"https:\/\/mebac.com.ar\/jujuy\/wp-json\/wp\/v2\/product_brand?post=1039389"},{"taxonomy":"product_cat","embeddable":true,"href":"https:\/\/mebac.com.ar\/jujuy\/wp-json\/wp\/v2\/product_cat?post=1039389"},{"taxonomy":"product_tag","embeddable":true,"href":"https:\/\/mebac.com.ar\/jujuy\/wp-json\/wp\/v2\/product_tag?post=1039389"}],"curies":[{"name":"wp","href":"https:\/\/api.w.org\/{rel}","templated":true}]}}