{"id":1040219,"date":"2024-12-31T21:00:00","date_gmt":"2025-01-01T00:00:00","guid":{"rendered":"https:\/\/mebac.com.ar\/jujuy\/producto\/pouch-binderplus-150-micrones-credencial-90x130mm-x100\/"},"modified":"2026-05-11T18:01:07","modified_gmt":"2026-05-11T21:01:07","slug":"pouch-binderplus-150-micrones-credencial-90x130mm-x100","status":"publish","type":"product","link":"https:\/\/mebac.com.ar\/jujuy\/producto\/pouch-binderplus-150-micrones-credencial-90x130mm-x100\/","title":{"rendered":"Pouch Binderplus 150 Micrones Credencial 90x130mm X100"},"content":{"rendered":"<div class=\"wpb-content-wrapper\"><p>[vc_row][vc_column][vc_column_text]Insumos para m\u00e1quinas de plastificaci\u00f3n en caliente profesionales. Terminaci\u00f3n brillante y la m\u00e1s alta calidad. Ideales para proteger documentos de la humedad, la suciedad y el deterioro tras el paso del tiempo. Comunmente utilizados para plastificaci\u00f3n de men\u00faes de restaurants, documentos de oficina, folletos comerciales, fotograf\u00edas, etc.[\/vc_column_text][\/vc_column][\/vc_row]<\/p>\n<\/div>","protected":false},"excerpt":{"rendered":"<p>Pouch Binderplus Glossy Para Plastificado En Caliente De 90x130mm De 150 Mic Por 100 Unidades<\/p>\n","protected":false},"featured_media":1040220,"template":"","meta":{"_joinchat":[]},"product_brand":[1728],"product_cat":[1399,1400,1402],"product_tag":[],"class_list":{"0":"post-1040219","1":"product","2":"type-product","3":"status-publish","4":"has-post-thumbnail","6":"product_brand-sin-marca","7":"product_cat-encuadernacion-corte-y-craft","8":"product_cat-plastificar","9":"product_cat-pouch-y-rollos","11":"first","12":"outofstock","13":"shipping-taxable","14":"purchasable","15":"product-type-simple"},"jetpack_sharing_enabled":true,"_links":{"self":[{"href":"https:\/\/mebac.com.ar\/jujuy\/wp-json\/wp\/v2\/product\/1040219","targetHints":{"allow":["GET"]}}],"collection":[{"href":"https:\/\/mebac.com.ar\/jujuy\/wp-json\/wp\/v2\/product"}],"about":[{"href":"https:\/\/mebac.com.ar\/jujuy\/wp-json\/wp\/v2\/types\/product"}],"wp:featuredmedia":[{"embeddable":true,"href":"https:\/\/mebac.com.ar\/jujuy\/wp-json\/wp\/v2\/media\/1040220"}],"wp:attachment":[{"href":"https:\/\/mebac.com.ar\/jujuy\/wp-json\/wp\/v2\/media?parent=1040219"}],"wp:term":[{"taxonomy":"product_brand","embeddable":true,"href":"https:\/\/mebac.com.ar\/jujuy\/wp-json\/wp\/v2\/product_brand?post=1040219"},{"taxonomy":"product_cat","embeddable":true,"href":"https:\/\/mebac.com.ar\/jujuy\/wp-json\/wp\/v2\/product_cat?post=1040219"},{"taxonomy":"product_tag","embeddable":true,"href":"https:\/\/mebac.com.ar\/jujuy\/wp-json\/wp\/v2\/product_tag?post=1040219"}],"curies":[{"name":"wp","href":"https:\/\/api.w.org\/{rel}","templated":true}]}}