{"id":1042256,"date":"2024-12-31T21:00:00","date_gmt":"2025-01-01T00:00:00","guid":{"rendered":"https:\/\/mebac.com.ar\/jujuy\/producto\/hp-pavilion-15-cw1027la-r7-3700u-12gb-512ssd-15-6-windows-10-home\/"},"modified":"2026-05-11T18:03:27","modified_gmt":"2026-05-11T21:03:27","slug":"hp-pavilion-15-cw1027la-r7-3700u-12gb-512ssd-15-6-windows-10-home","status":"publish","type":"product","link":"https:\/\/mebac.com.ar\/jujuy\/producto\/hp-pavilion-15-cw1027la-r7-3700u-12gb-512ssd-15-6-windows-10-home\/","title":{"rendered":"Hp Pavilion 15-cw1027la R7-3700u 12gb 512ssd 15.6 Windows 10 Home"},"content":{"rendered":"<h1 class=\"ui-pdp-title\">Notebook Hp 15-cw1027la Amd Ryzen 7 3700u 12GB 512GB Ssd Windows 10 Home<\/h1>\n<h1 class=\"ui-pdp-title\"><img loading=\"lazy\" decoding=\"async\" class=\"alignnone wp-image-108458 size-full\" src=\"https:\/\/mebac.com.ar\/jujuy\/wp-content\/uploads\/2020\/12\/banner-HPpavilion3.jpg\" alt=\"\" width=\"1080\" height=\"400\" \/><\/h1>\n<p>Dise\u00f1o:<br \/>\nLa notebook 15-CW1027LA tiene un dise\u00f1o atractivo y moderno. Adem\u00e1s. vas a poder llevarla con vos a donde vayas gracias a sus medidas de: 36,16 cm de largo x 24,56 cm de ancho x 1,79 cm de alto y su liviano peso de 1,94 Kg.<\/p>\n<p>Desempe\u00f1o:<br \/>\nEn su disco s\u00f3lido de 512 GB almacena datos multimedia y tus programas favoritos. Adem\u00e1s su procesador AMD Ryzen 7 se complementa para ofrecer el m\u00e1ximo rendimiento con un bajo consumo de energ\u00eda. Por otro lado, disfrut\u00e1 de hasta 9 horas de autonom\u00eda con su bater\u00eda de 3 celdas.<\/p>\n<p>Pantalla:<br \/>\nCon su pantalla de 15,6 pulgadas FHD podr\u00e1s disfrutar de pel\u00edculas, videos y juegos o navegar en internet con una resoluci\u00f3n de 1920&#215;1080.<\/p>\n<p>Conectividad:<br \/>\nLa HP 15-CW1027LA, tiene salida HDMI que te permitir\u00e1 conectarla a una TV o a un monitor externo para tener una mayor visualizaci\u00f3n. Tambi\u00e9n, incluye 1 puerto USB Type-C 3.1 Gen 1 y 2 USB 3.1 Gen 1.<\/p>\n<h3><\/h3>\n<h3>Caracter\u00edsticas Principales:<\/h3>\n<p><strong>Marca:<\/strong> HP<\/p>\n<p><strong>L\u00ednea de producto<\/strong>: Pavilion<\/p>\n<p><strong>Modelo:<\/strong> 15-CW1027LA<\/p>\n<p><strong>RAM:<\/strong> 12GB<\/p>\n<p><strong>Capacidad del disco r\u00edgido HDD:<\/strong> 0<\/p>\n<p><strong>Capacidad de disco s\u00f3lido SSD:<\/strong> 512GB<\/p>\n<p><strong>Pantalla:<\/strong> LCD 15,6\u201d Full HD<\/p>\n<p><strong>Resoluci\u00f3n de la pantalla:\u00a0<\/strong> 1920 px x 1080 px<\/p>\n<p><strong>Tarjeta de video GPU:<\/strong> AMD Radeon <strong>RX Vega 10<\/strong><\/p>\n<p><strong>Marca del procesador: <\/strong>AMD<\/p>\n<p><strong>L\u00ednea del procesador:<\/strong> \u00a0<span class=\"andes-table__column--value\">Ryzen 7<\/span><\/p>\n<p><strong>Modelo procesador:<\/strong> 3700U<\/p>\n<p><strong>Frecuencia de actualizaci\u00f3n de la pantalla:<\/strong> 60 Hz<\/p>\n<p><strong>Nombre del sistema operativo:<\/strong> Windows<\/p>\n<p><strong>Versi\u00f3n del sistema operativo:<\/strong> 10<\/p>\n<p><strong>Edici\u00f3n del sistema operativo:<\/strong> Home<\/p>\n<p><strong>Pantalla t\u00e1ctil:<\/strong> No<\/p>\n<h3><\/h3>\n<h3>Otras caracter\u00edsticas:<\/h3>\n<div class=\"ui-pdp-list ui-pdp-specs__list\">\n<ul class=\"ui-pdp-list__wrapper\">\n<li class=\"ui-pdp-list__item\">\n<p class=\"ui-pdp-list__text\"><span class=\"ui-pdp-color--BLACK ui-pdp-size--XSMALL ui-pdp-family--BOLD\">Cantidad de n\u00facleos<\/span>: 4<\/p>\n<\/li>\n<li class=\"ui-pdp-list__item\">\n<p class=\"ui-pdp-list__text\"><span class=\"ui-pdp-color--BLACK ui-pdp-size--XSMALL ui-pdp-family--BOLD\">Tipo de memoria RAM<\/span>: DDR4<\/p>\n<\/li>\n<\/ul>\n<ul class=\"ui-pdp-list__wrapper\">\n<li class=\"ui-pdp-list__item\">\n<p class=\"ui-pdp-list__text\"><span class=\"ui-pdp-color--BLACK ui-pdp-size--XSMALL ui-pdp-family--BOLD\">Tipo de resoluci\u00f3n<\/span>: Full HD<\/p>\n<\/li>\n<li class=\"ui-pdp-list__item\">\n<p class=\"ui-pdp-list__text\"><span class=\"ui-pdp-color--BLACK ui-pdp-size--XSMALL ui-pdp-family--BOLD\">Tipo de bater\u00eda<\/span>: Iones de litio de 3 celdas y 41 Wh<\/p>\n<\/li>\n<\/ul>\n<ul class=\"ui-pdp-list__wrapper\">\n<li class=\"ui-pdp-list__item\">\n<p class=\"ui-pdp-list__text\"><span class=\"ui-pdp-color--BLACK ui-pdp-size--XSMALL ui-pdp-family--BOLD\">Tama\u00f1o de la pantalla<\/span>: 15.6 \u00ab<\/p>\n<\/li>\n<li class=\"ui-pdp-list__item\">\n<p class=\"ui-pdp-list__text\"><span class=\"ui-pdp-color--BLACK ui-pdp-size--XSMALL ui-pdp-family--BOLD\">Peso<\/span>: 1.94 kg<\/p>\n<\/li>\n<\/ul>\n<ul class=\"ui-pdp-list__wrapper\">\n<li class=\"ui-pdp-list__item\">\n<p class=\"ui-pdp-list__text\"><span class=\"ui-pdp-color--BLACK ui-pdp-size--XSMALL ui-pdp-family--BOLD\">Ultrabook<\/span>: No<\/p>\n<\/li>\n<li class=\"ui-pdp-list__item\">\n<p class=\"ui-pdp-list__text\"><span class=\"ui-pdp-color--BLACK ui-pdp-size--XSMALL ui-pdp-family--BOLD\">2 en 1<\/span>: No<\/p>\n<\/li>\n<\/ul>\n<ul class=\"ui-pdp-list__wrapper\">\n<li class=\"ui-pdp-list__item\">\n<p class=\"ui-pdp-list__text\"><span class=\"ui-pdp-color--BLACK ui-pdp-size--XSMALL ui-pdp-family--BOLD\">Gamer<\/span>: No<\/p>\n<\/li>\n<li class=\"ui-pdp-list__item\">\n<p class=\"ui-pdp-list__text\"><span class=\"ui-pdp-color--BLACK ui-pdp-size--XSMALL ui-pdp-family--BOLD\">Interface del SSD<\/span>: PCIe<\/p>\n<\/li>\n<\/ul>\n<ul class=\"ui-pdp-list__wrapper\">\n<li class=\"ui-pdp-list__item\">\n<p class=\"ui-pdp-list__text\"><span class=\"ui-pdp-color--BLACK ui-pdp-size--XSMALL ui-pdp-family--BOLD\">Velocidad del procesador<\/span>: 3.7 GHz<\/p>\n<\/li>\n<li class=\"ui-pdp-list__item\">\n<p class=\"ui-pdp-list__text\"><span class=\"ui-pdp-color--BLACK ui-pdp-size--XSMALL ui-pdp-family--BOLD\">Velocidad de la memoria RAM<\/span>: <span class=\"andes-table__column--value\">2400 MHz<\/span><\/p>\n<\/li>\n<\/ul>\n<ul class=\"ui-pdp-list__wrapper\">\n<li class=\"ui-pdp-list__item\">\n<p class=\"ui-pdp-list__text\"><span class=\"ui-pdp-color--BLACK ui-pdp-size--XSMALL ui-pdp-family--BOLD\">Relaci\u00f3n de aspecto<\/span>: 16:9<\/p>\n<\/li>\n<li class=\"ui-pdp-list__item\">\n<p class=\"ui-pdp-list__text\"><span class=\"ui-pdp-color--BLACK ui-pdp-size--XSMALL ui-pdp-family--BOLD\">Tipo de pantalla<\/span>: LED<\/p>\n<\/li>\n<\/ul>\n<ul class=\"ui-pdp-list__wrapper\">\n<li class=\"ui-pdp-list__item\">\n<p class=\"ui-pdp-list__text\"><span class=\"ui-pdp-color--BLACK ui-pdp-size--XSMALL ui-pdp-family--BOLD\">Modos de sonido<\/span>: Bang &amp; Olufsen<\/p>\n<\/li>\n<li class=\"ui-pdp-list__item\">\n<p class=\"ui-pdp-list__text\"><span class=\"ui-pdp-color--BLACK ui-pdp-size--XSMALL ui-pdp-family--BOLD\">Puertos de video<\/span>: HDMI<\/p>\n<\/li>\n<\/ul>\n<ul class=\"ui-pdp-list__wrapper\">\n<li class=\"ui-pdp-list__item\">\n<p class=\"ui-pdp-list__text\"><span class=\"ui-pdp-color--BLACK ui-pdp-size--XSMALL ui-pdp-family--BOLD\">Tipos de puertos USB<\/span>: 3.1,C<\/p>\n<\/li>\n<li class=\"ui-pdp-list__item\">\n<p class=\"ui-pdp-list__text\"><span class=\"ui-pdp-color--BLACK ui-pdp-size--XSMALL ui-pdp-family--BOLD\">Cantidad de parlantes<\/span>: 2<\/p>\n<\/li>\n<\/ul>\n<ul class=\"ui-pdp-list__wrapper\">\n<li class=\"ui-pdp-list__item\">\n<p class=\"ui-pdp-list__text\"><span class=\"ui-pdp-color--BLACK ui-pdp-size--XSMALL ui-pdp-family--BOLD\">Cantidad de puertos USB<\/span>: 3<\/p>\n<\/li>\n<li class=\"ui-pdp-list__item\">\n<p class=\"ui-pdp-list__text\"><span class=\"ui-pdp-color--BLACK ui-pdp-size--XSMALL ui-pdp-family--BOLD\">Duraci\u00f3n de la bater\u00eda<\/span>: 9 h <span class=\"andes-table__column--value\">Ion de litio<\/span><\/p>\n<\/li>\n<\/ul>\n<ul class=\"ui-pdp-list__wrapper\">\n<li class=\"ui-pdp-list__item\">\n<p class=\"ui-pdp-list__text\"><span class=\"ui-pdp-color--BLACK ui-pdp-size--XSMALL ui-pdp-family--BOLD\">Ancho<\/span>: 361.6 mm<\/p>\n<\/li>\n<li class=\"ui-pdp-list__item\">\n<p class=\"ui-pdp-list__text\"><span class=\"ui-pdp-color--BLACK ui-pdp-size--XSMALL ui-pdp-family--BOLD\">Profundidad<\/span>: 245.6 mm<\/p>\n<\/li>\n<\/ul>\n<ul class=\"ui-pdp-list__wrapper\">\n<li class=\"ui-pdp-list__item\">\n<p class=\"ui-pdp-list__text\"><span class=\"ui-pdp-color--BLACK ui-pdp-size--XSMALL ui-pdp-family--BOLD\">Altura<\/span>: 17.9 mm<\/p>\n<\/li>\n<li class=\"ui-pdp-list__item\">\n<p class=\"ui-pdp-list__text\"><span class=\"ui-pdp-color--BLACK ui-pdp-size--XSMALL ui-pdp-family--BOLD\">USB<\/span>: S\u00ed<\/p>\n<\/li>\n<\/ul>\n<ul class=\"ui-pdp-list__wrapper\">\n<li class=\"ui-pdp-list__item\">\n<p class=\"ui-pdp-list__text\"><span class=\"ui-pdp-color--BLACK ui-pdp-size--XSMALL ui-pdp-family--BOLD\">Wi-Fi<\/span>: S\u00ed<\/p>\n<\/li>\n<li class=\"ui-pdp-list__item\">\n<p class=\"ui-pdp-list__text\"><span class=\"ui-pdp-color--BLACK ui-pdp-size--XSMALL ui-pdp-family--BOLD\">HDMI<\/span>: S\u00ed<\/p>\n<\/li>\n<\/ul>\n<ul class=\"ui-pdp-list__wrapper\">\n<li class=\"ui-pdp-list__item\">\n<p class=\"ui-pdp-list__text\"><span class=\"ui-pdp-color--BLACK ui-pdp-size--XSMALL ui-pdp-family--BOLD\">Bluetooth<\/span>: S\u00ed<\/p>\n<\/li>\n<li class=\"ui-pdp-list__item\">\n<p class=\"ui-pdp-list__text\"><span class=\"ui-pdp-color--BLACK ui-pdp-size--XSMALL ui-pdp-family--BOLD\">C\u00e1mara web<\/span>: S\u00ed<\/p>\n<\/li>\n<\/ul>\n<ul class=\"ui-pdp-list__wrapper\">\n<li class=\"ui-pdp-list__item\">\n<p class=\"ui-pdp-list__text\"><span class=\"ui-pdp-color--BLACK ui-pdp-size--XSMALL ui-pdp-family--BOLD\">Micr\u00f3fono<\/span>: S\u00ed<\/p>\n<\/li>\n<li class=\"ui-pdp-list__item\">\n<p class=\"ui-pdp-list__text\"><span class=\"ui-pdp-color--BLACK ui-pdp-size--XSMALL ui-pdp-family--BOLD\">Salida para auriculares<\/span>: S\u00ed<\/p>\n<\/li>\n<li class=\"ui-pdp-list__item\">\n<p class=\"ui-pdp-list__text\"><span class=\"ui-pdp-color--BLACK ui-pdp-size--XSMALL ui-pdp-family--BOLD\">Puerto ethernet<\/span>: S\u00ed<\/p>\n<\/li>\n<li class=\"ui-pdp-list__item\">\n<p class=\"ui-pdp-list__text\"><span class=\"ui-pdp-color--BLACK ui-pdp-size--XSMALL ui-pdp-family--BOLD\">Lector de tarjeta de memoria<\/span>: S\u00ed<\/p>\n<\/li>\n<li><span class=\"andes-table__column--value\">Modo de sonido: Bang &amp; Olufsen<\/span><\/li>\n<li><\/li>\n<li><span class=\"andes-table__column--value\">Cantidad de Parlantes: 2<\/span><\/li>\n<\/ul>\n<div class=\"ui-vpp-striped-specs\">\n<div class=\"ui-vpp-striped-specs__table\">\n<p><iframe loading=\"lazy\" title=\"Notebooks HP Pavilion con Almacenamiento de estado So\u0301lido SSD\" width=\"500\" height=\"281\" src=\"https:\/\/www.youtube.com\/embed\/fxVkckD5dFQ?feature=oembed\" frameborder=\"0\" allow=\"accelerometer; autoplay; clipboard-write; encrypted-media; gyroscope; picture-in-picture; web-share\" referrerpolicy=\"strict-origin-when-cross-origin\" allowfullscreen><\/iframe><\/p>\n<\/div>\n<div class=\"ui-vpp-striped-specs__table\"><\/div>\n<div class=\"ui-vpp-striped-specs__table\"><\/div>\n<\/div>\n<div class=\"ui-vpp-striped-specs\">\n<div class=\"ui-vpp-striped-specs__table\"><\/div>\n<div class=\"ui-vpp-striped-specs__table\"><\/div>\n<\/div>\n<\/div>\n","protected":false},"excerpt":{"rendered":"<p>9uv90la Notebook Hp Pavilion 15-cw1027la Procesador R7-3700u 12gb Ram 512gb Ssd Display 15.6 Windows 10 Home<\/p>\n","protected":false},"featured_media":1042257,"template":"","meta":{"_joinchat":[]},"product_brand":[854],"product_cat":[1553,132,1574],"product_tag":[],"class_list":{"0":"post-1042256","1":"product","2":"type-product","3":"status-publish","4":"has-post-thumbnail","6":"product_brand-hp","7":"product_cat-computadoras","8":"product_cat-informatica","9":"product_cat-notebooks","11":"first","12":"outofstock","13":"shipping-taxable","14":"purchasable","15":"product-type-simple"},"jetpack_sharing_enabled":true,"_links":{"self":[{"href":"https:\/\/mebac.com.ar\/jujuy\/wp-json\/wp\/v2\/product\/1042256","targetHints":{"allow":["GET"]}}],"collection":[{"href":"https:\/\/mebac.com.ar\/jujuy\/wp-json\/wp\/v2\/product"}],"about":[{"href":"https:\/\/mebac.com.ar\/jujuy\/wp-json\/wp\/v2\/types\/product"}],"wp:featuredmedia":[{"embeddable":true,"href":"https:\/\/mebac.com.ar\/jujuy\/wp-json\/wp\/v2\/media\/1042257"}],"wp:attachment":[{"href":"https:\/\/mebac.com.ar\/jujuy\/wp-json\/wp\/v2\/media?parent=1042256"}],"wp:term":[{"taxonomy":"product_brand","embeddable":true,"href":"https:\/\/mebac.com.ar\/jujuy\/wp-json\/wp\/v2\/product_brand?post=1042256"},{"taxonomy":"product_cat","embeddable":true,"href":"https:\/\/mebac.com.ar\/jujuy\/wp-json\/wp\/v2\/product_cat?post=1042256"},{"taxonomy":"product_tag","embeddable":true,"href":"https:\/\/mebac.com.ar\/jujuy\/wp-json\/wp\/v2\/product_tag?post=1042256"}],"curies":[{"name":"wp","href":"https:\/\/api.w.org\/{rel}","templated":true}]}}