{"id":898918,"date":"2024-12-31T21:00:00","date_gmt":"2025-01-01T00:00:00","guid":{"rendered":"https:\/\/mebac.com.ar\/jujuy\/producto\/report-a4-90-grs-x-500-hojas\/"},"modified":"2026-04-11T13:12:06","modified_gmt":"2026-04-11T16:12:06","slug":"report-a4-90-grs-x-500-hojas","status":"publish","type":"product","link":"https:\/\/mebac.com.ar\/jujuy\/producto\/report-a4-90-grs-x-500-hojas\/","title":{"rendered":"Report A4 90 Grs X 500 Hojas"},"content":{"rendered":"<div class=\"wpb-content-wrapper\"><p>[vc_row][vc_column][vc_column_text]<\/p>\n<ul>\n<li>Papel para impresiones tanto Inkjet como L\u00e1ser, papel de alta calidad, blancura y opacidad.<\/li>\n<li>Poseen mayor desempe\u00f1o que los papeles comunes, proporciona impresi\u00f3n de im\u00e1genes m\u00e1s reales, un negro m\u00e1s intenso y secado m\u00e1s r\u00e1pido.<\/li>\n<li>Los Papeles Suzano Report son ideales para imprimir, escribir, dibujar, pintar, hacer copias perfectas y cualquier otra aplicaci\u00f3n que su creatividad pueda permitirle.<\/li>\n<li>Cuentan con el compromiso Suzano de respeto al medio ambiente y a las personas reflejado en la calidad y sustentabilidad de nuestros productos.<\/li>\n<\/ul>\n<p>[\/vc_column_text][\/vc_column][\/vc_row][vc_row][vc_column][vc_video link=\u00bbhttps:\/\/youtu.be\/Br2uiw7YoCQ\u00bb align=\u00bbcenter\u00bb el_class=\u00bbvideoproducto\u00bb][\/vc_column][\/vc_row]<\/p>\n<\/div>","protected":false},"excerpt":{"rendered":"<p>Resma Multiuso Report A4 90 Gramos Medida 210&#215;297 X500 Hojas<\/p>\n","protected":false},"featured_media":1010597,"template":"","meta":{"_joinchat":[]},"product_brand":[1714],"product_cat":[668,141,657],"product_tag":[],"class_list":{"0":"post-898918","1":"product","2":"type-product","3":"status-publish","4":"has-post-thumbnail","6":"product_brand-report","7":"product_cat-multiuso","8":"product_cat-papeles","9":"product_cat-papeles-para-imprimir","11":"first","12":"instock","13":"featured","14":"shipping-taxable","15":"purchasable","16":"product-type-variable"},"jetpack_sharing_enabled":true,"_links":{"self":[{"href":"https:\/\/mebac.com.ar\/jujuy\/wp-json\/wp\/v2\/product\/898918","targetHints":{"allow":["GET"]}}],"collection":[{"href":"https:\/\/mebac.com.ar\/jujuy\/wp-json\/wp\/v2\/product"}],"about":[{"href":"https:\/\/mebac.com.ar\/jujuy\/wp-json\/wp\/v2\/types\/product"}],"wp:featuredmedia":[{"embeddable":true,"href":"https:\/\/mebac.com.ar\/jujuy\/wp-json\/wp\/v2\/media\/1010597"}],"wp:attachment":[{"href":"https:\/\/mebac.com.ar\/jujuy\/wp-json\/wp\/v2\/media?parent=898918"}],"wp:term":[{"taxonomy":"product_brand","embeddable":true,"href":"https:\/\/mebac.com.ar\/jujuy\/wp-json\/wp\/v2\/product_brand?post=898918"},{"taxonomy":"product_cat","embeddable":true,"href":"https:\/\/mebac.com.ar\/jujuy\/wp-json\/wp\/v2\/product_cat?post=898918"},{"taxonomy":"product_tag","embeddable":true,"href":"https:\/\/mebac.com.ar\/jujuy\/wp-json\/wp\/v2\/product_tag?post=898918"}],"curies":[{"name":"wp","href":"https:\/\/api.w.org\/{rel}","templated":true}]}}