{"id":899842,"date":"2024-12-31T21:00:00","date_gmt":"2025-01-01T00:00:00","guid":{"rendered":"https:\/\/mebac.com.ar\/jujuy\/producto\/art-jet-a4-120-grs-bifaz-glossy-x-100-hojas\/"},"modified":"2026-04-10T11:57:04","modified_gmt":"2026-04-10T14:57:04","slug":"art-jet-a4-120-grs-bifaz-glossy-x-100-hojas","status":"publish","type":"product","link":"https:\/\/mebac.com.ar\/jujuy\/producto\/art-jet-a4-120-grs-bifaz-glossy-x-100-hojas\/","title":{"rendered":"Art-jet A4 120 Grs Bifaz Glossy X 100 Hojas"},"content":{"rendered":"<div class=\"wpb-content-wrapper\"><p>[vc_row][vc_column][vc_column_text]<\/p>\n<ul>\n<li>Papel fotogr\u00e1fico brillante, similar al papel ilustraci\u00f3n de revistas, pero compatible con impresoras inkjet, alta resoluci\u00f3n, secado r\u00e1pido, resistente al agua<\/li>\n<li>Aplicaciones: folletos, candy bar, packaging y caratulas<\/li>\n<\/ul>\n<p>[\/vc_column_text][\/vc_column][\/vc_row]<\/p>\n<\/div>","protected":false},"excerpt":{"rendered":"<p>Papel Fotografico Bifaz Glossy\/brillante Art-jet A4 120 Gramos X 100 Hojas<\/p>\n","protected":false},"featured_media":1010741,"template":"","meta":{"_joinchat":[]},"product_brand":[1724],"product_cat":[659,141,657],"product_tag":[],"class_list":{"0":"post-899842","1":"product","2":"type-product","3":"status-publish","4":"has-post-thumbnail","6":"product_brand-art-jet","7":"product_cat-fotograficos-glossy","8":"product_cat-papeles","9":"product_cat-papeles-para-imprimir","11":"first","12":"instock","13":"shipping-taxable","14":"purchasable","15":"product-type-simple"},"jetpack_sharing_enabled":true,"_links":{"self":[{"href":"https:\/\/mebac.com.ar\/jujuy\/wp-json\/wp\/v2\/product\/899842","targetHints":{"allow":["GET"]}}],"collection":[{"href":"https:\/\/mebac.com.ar\/jujuy\/wp-json\/wp\/v2\/product"}],"about":[{"href":"https:\/\/mebac.com.ar\/jujuy\/wp-json\/wp\/v2\/types\/product"}],"wp:featuredmedia":[{"embeddable":true,"href":"https:\/\/mebac.com.ar\/jujuy\/wp-json\/wp\/v2\/media\/1010741"}],"wp:attachment":[{"href":"https:\/\/mebac.com.ar\/jujuy\/wp-json\/wp\/v2\/media?parent=899842"}],"wp:term":[{"taxonomy":"product_brand","embeddable":true,"href":"https:\/\/mebac.com.ar\/jujuy\/wp-json\/wp\/v2\/product_brand?post=899842"},{"taxonomy":"product_cat","embeddable":true,"href":"https:\/\/mebac.com.ar\/jujuy\/wp-json\/wp\/v2\/product_cat?post=899842"},{"taxonomy":"product_tag","embeddable":true,"href":"https:\/\/mebac.com.ar\/jujuy\/wp-json\/wp\/v2\/product_tag?post=899842"}],"curies":[{"name":"wp","href":"https:\/\/api.w.org\/{rel}","templated":true}]}}