{"id":903179,"date":"2026-04-10T23:56:06","date_gmt":"2026-04-11T02:56:06","guid":{"rendered":"https:\/\/mebac.com.ar\/jujuy\/producto\/brother-cadxbldq1-filo-de-corte-automatico-para-tela-delgada-sdx\/"},"modified":"2026-03-31T11:10:03","modified_gmt":"2026-03-31T14:10:03","slug":"brother-cadxbldq1-filo-de-corte-automatico-para-tela-delgada-sdx","status":"publish","type":"product","link":"https:\/\/mebac.com.ar\/jujuy\/producto\/brother-cadxbldq1-filo-de-corte-automatico-para-tela-delgada-sdx\/","title":{"rendered":"Brother Cadxbldq1 Filo De Corte Automatico Para Tela Delgada Sdx"},"content":{"rendered":"<ul>\n<li>Para su uso con el sujetador de cuchilla autom\u00e1tica para tela delgada de ScanNCut DX.<\/li>\n<li>Esta cuchilla est\u00e1 dise\u00f1ada para cortar telas que se usan en bordados y apliques y que no tengan superficie para sublimaci\u00f3n.<\/li>\n<li>El grosor var\u00eda desde 0,25 mm hasta 0,5 mm en funci\u00f3n del material.<\/li>\n<li>Especifico para Brother ScanNCut SDX125 y SDX225<\/li>\n<li>C\u00f3digo:\u00a0<em>CADXBLDQ1<\/em><\/li>\n<\/ul>\n","protected":false},"excerpt":{"rendered":"<p>Cadxbldq1 Filo De Corte Automatico Para Telas Delgadas Para Scan N Cut Sdx225<\/p>\n","protected":false},"featured_media":1012902,"template":"","meta":{"_joinchat":[]},"product_brand":[856],"product_cat":[1408,1399,1562],"product_tag":[],"class_list":{"0":"post-903179","1":"product","2":"type-product","3":"status-publish","4":"has-post-thumbnail","6":"product_brand-brother","7":"product_cat-cortar","8":"product_cat-encuadernacion-corte-y-craft","9":"product_cat-scanncut-accesorios","11":"first","12":"instock","13":"shipping-taxable","14":"purchasable","15":"product-type-simple"},"jetpack_sharing_enabled":true,"_links":{"self":[{"href":"https:\/\/mebac.com.ar\/jujuy\/wp-json\/wp\/v2\/product\/903179","targetHints":{"allow":["GET"]}}],"collection":[{"href":"https:\/\/mebac.com.ar\/jujuy\/wp-json\/wp\/v2\/product"}],"about":[{"href":"https:\/\/mebac.com.ar\/jujuy\/wp-json\/wp\/v2\/types\/product"}],"wp:featuredmedia":[{"embeddable":true,"href":"https:\/\/mebac.com.ar\/jujuy\/wp-json\/wp\/v2\/media\/1012902"}],"wp:attachment":[{"href":"https:\/\/mebac.com.ar\/jujuy\/wp-json\/wp\/v2\/media?parent=903179"}],"wp:term":[{"taxonomy":"product_brand","embeddable":true,"href":"https:\/\/mebac.com.ar\/jujuy\/wp-json\/wp\/v2\/product_brand?post=903179"},{"taxonomy":"product_cat","embeddable":true,"href":"https:\/\/mebac.com.ar\/jujuy\/wp-json\/wp\/v2\/product_cat?post=903179"},{"taxonomy":"product_tag","embeddable":true,"href":"https:\/\/mebac.com.ar\/jujuy\/wp-json\/wp\/v2\/product_tag?post=903179"}],"curies":[{"name":"wp","href":"https:\/\/api.w.org\/{rel}","templated":true}]}}