{"id":903185,"date":"2026-04-10T23:56:06","date_gmt":"2026-04-11T02:56:06","guid":{"rendered":"https:\/\/mebac.com.ar\/jujuy\/producto\/brother-cadxrf1-alimentador-de-rollo-de-vinilo-corta-hasta-178cm-de-largo-sdx\/"},"modified":"2026-03-31T11:10:03","modified_gmt":"2026-03-31T14:10:03","slug":"brother-cadxrf1-alimentador-de-rollo-de-vinilo-corta-hasta-178cm-de-largo-sdx","status":"publish","type":"product","link":"https:\/\/mebac.com.ar\/jujuy\/producto\/brother-cadxrf1-alimentador-de-rollo-de-vinilo-corta-hasta-178cm-de-largo-sdx\/","title":{"rendered":"Brother Cadxrf1 Alimentador De Rollo De Vinilo Corta Hasta 178cm De Largo Sdx"},"content":{"rendered":"<div class=\"wpb-content-wrapper\"><p>[vc_row][vc_column][vc_column_text]Con el\u00a0soporte\u00a0para\u00a0materiales en bobina\u00a0podr\u00e1s cortar dise\u00f1os de hasta 3 metros de largo, el material se ira desenrollando de manera sincronizada con el accionar del plotter de corte Brother\u00a0ScanNcut XD.<br \/>\nde rollo para art\u00edculos de decoraci\u00f3n del hogar, calcoman\u00edas para autom\u00f3viles, se\u00f1alizaci\u00f3n y m\u00e1s.<\/p>\n<p>&nbsp;<\/p>\n<ul>\n<li>Alimenta vinilos adhesivos, transfer y papel<\/li>\n<li>Supera la medida de los soportes adhesivos<\/li>\n<li>Consta de 3 piezas: Base de fijaci\u00f3n, soporte de bobina y cortador<\/li>\n<li>Edita el espacio de trabajo extra en el software de dise\u00f1o Workspace<\/li>\n<li>Compatible con los equipos Brother Scan Cut DX.<\/li>\n<li>Especifico para Brother ScanNCut SDX125 y SDX225<\/li>\n<li>CODIGO: CADXRF1<\/li>\n<\/ul>\n<p>[\/vc_column_text][\/vc_column][\/vc_row][vc_row][vc_column][vc_video link=\u00bbhttps:\/\/www.youtube.com\/watch?v=FQckQHQuVaU&amp;t=62s&amp;ab_channel=BrotherPeru\u00bb align=\u00bbcenter\u00bb el_class=\u00bbvideoproducto\u00bb][\/vc_column][\/vc_row]<\/p>\n<\/div>","protected":false},"excerpt":{"rendered":"<p>Cadxrf1 Alimentador De Rollo De Vinilo Corta Hasta 178cm Largo Para Scan N Cut Sdx<\/p>\n","protected":false},"featured_media":1012905,"template":"","meta":{"_joinchat":[]},"product_brand":[856],"product_cat":[1408,1399,1562],"product_tag":[],"class_list":{"0":"post-903185","1":"product","2":"type-product","3":"status-publish","4":"has-post-thumbnail","6":"product_brand-brother","7":"product_cat-cortar","8":"product_cat-encuadernacion-corte-y-craft","9":"product_cat-scanncut-accesorios","11":"first","12":"instock","13":"shipping-taxable","14":"purchasable","15":"product-type-simple"},"jetpack_sharing_enabled":true,"_links":{"self":[{"href":"https:\/\/mebac.com.ar\/jujuy\/wp-json\/wp\/v2\/product\/903185","targetHints":{"allow":["GET"]}}],"collection":[{"href":"https:\/\/mebac.com.ar\/jujuy\/wp-json\/wp\/v2\/product"}],"about":[{"href":"https:\/\/mebac.com.ar\/jujuy\/wp-json\/wp\/v2\/types\/product"}],"wp:featuredmedia":[{"embeddable":true,"href":"https:\/\/mebac.com.ar\/jujuy\/wp-json\/wp\/v2\/media\/1012905"}],"wp:attachment":[{"href":"https:\/\/mebac.com.ar\/jujuy\/wp-json\/wp\/v2\/media?parent=903185"}],"wp:term":[{"taxonomy":"product_brand","embeddable":true,"href":"https:\/\/mebac.com.ar\/jujuy\/wp-json\/wp\/v2\/product_brand?post=903185"},{"taxonomy":"product_cat","embeddable":true,"href":"https:\/\/mebac.com.ar\/jujuy\/wp-json\/wp\/v2\/product_cat?post=903185"},{"taxonomy":"product_tag","embeddable":true,"href":"https:\/\/mebac.com.ar\/jujuy\/wp-json\/wp\/v2\/product_tag?post=903185"}],"curies":[{"name":"wp","href":"https:\/\/api.w.org\/{rel}","templated":true}]}}