{"id":904542,"date":"2025-01-01T00:00:00","date_gmt":"2025-01-01T00:00:00","guid":{"rendered":"https:\/\/mebac.com.ar\/jujuy\/producto\/2034-vinilo-mccal-x-61-cm-naranja-x-metro\/"},"modified":"2026-03-31T11:10:08","modified_gmt":"2026-03-31T14:10:08","slug":"2034-vinilo-mccal-x-61-cm-naranja-x-metro","status":"publish","type":"product","link":"https:\/\/mebac.com.ar\/jujuy\/producto\/2034-vinilo-mccal-x-61-cm-naranja-x-metro\/","title":{"rendered":"2034 Vinilo Mccal X 61 Cm Naranja X Metro"},"content":{"rendered":"<div class=\"wpb-content-wrapper\"><p>[vc_row][vc_column][vc_column_text]<\/p>\n<h3><strong>FICHA T\u00c9CNICA<\/strong><\/h3>\n<p><strong>CALIDAD:<\/strong> Monom\u00e9rico &#8211; Adhesivo al Solvente<\/p>\n<p><strong>CALIBRE FILM:<\/strong> 80mc<\/p>\n<p><strong>CALIBRE LINER:<\/strong> 135grs<\/p>\n<p><strong>MEDIDAS:<\/strong> 61cm y 122cm x 50mtrs<\/p>\n<p><strong>GARANT\u00cdA AL EXTERIOR:<\/strong> 5 a\u00f1os<\/p>\n<p><strong>APLICACIONES:<\/strong> Vinilos decorativos, decoraci\u00f3n de interiores, vidrieras, stickers, rotulaci\u00f3n en general y m\u00e1s Aplicaci\u00f3n Interior y Exterior<\/p>\n<p><strong>APTO PARA IMPRESI\u00d3N<\/strong><\/p>\n<p><span style=\"color: #3366ff\"><a style=\"color: #3366ff\" href=\"https:\/\/mebac.com.ar\/jujuy\/wp-content\/uploads\/2022\/03\/Catalogo-McCal.pdf\">Cat\u00e1logo Digital<\/a><\/span>[\/vc_column_text][\/vc_column][\/vc_row]<\/p>\n<\/div>","protected":false},"excerpt":{"rendered":"<p>Vinilo Mccal Serie 2000 Mate &#8211; Cod 2034 X 61 Cm Naranja<\/p>\n","protected":false},"featured_media":1013707,"template":"","meta":{"_joinchat":[]},"product_brand":[1738],"product_cat":[183,1563,1419],"product_tag":[],"class_list":{"0":"post-904542","1":"product","2":"type-product","3":"status-publish","4":"has-post-thumbnail","6":"product_brand-mccal","7":"product_cat-carteleria","8":"product_cat-mate-s2000","9":"product_cat-vinilos-mccal","11":"first","12":"instock","13":"shipping-taxable","14":"purchasable","15":"product-type-simple"},"jetpack_sharing_enabled":true,"_links":{"self":[{"href":"https:\/\/mebac.com.ar\/jujuy\/wp-json\/wp\/v2\/product\/904542","targetHints":{"allow":["GET"]}}],"collection":[{"href":"https:\/\/mebac.com.ar\/jujuy\/wp-json\/wp\/v2\/product"}],"about":[{"href":"https:\/\/mebac.com.ar\/jujuy\/wp-json\/wp\/v2\/types\/product"}],"wp:featuredmedia":[{"embeddable":true,"href":"https:\/\/mebac.com.ar\/jujuy\/wp-json\/wp\/v2\/media\/1013707"}],"wp:attachment":[{"href":"https:\/\/mebac.com.ar\/jujuy\/wp-json\/wp\/v2\/media?parent=904542"}],"wp:term":[{"taxonomy":"product_brand","embeddable":true,"href":"https:\/\/mebac.com.ar\/jujuy\/wp-json\/wp\/v2\/product_brand?post=904542"},{"taxonomy":"product_cat","embeddable":true,"href":"https:\/\/mebac.com.ar\/jujuy\/wp-json\/wp\/v2\/product_cat?post=904542"},{"taxonomy":"product_tag","embeddable":true,"href":"https:\/\/mebac.com.ar\/jujuy\/wp-json\/wp\/v2\/product_tag?post=904542"}],"curies":[{"name":"wp","href":"https:\/\/api.w.org\/{rel}","templated":true}]}}