{"id":904572,"date":"2024-12-31T21:00:00","date_gmt":"2025-01-01T00:00:00","guid":{"rendered":"https:\/\/mebac.com.ar\/jujuy\/producto\/3809-vinilo-mccal-x-61-cm-transparente-x-metro\/"},"modified":"2026-04-10T10:42:05","modified_gmt":"2026-04-10T13:42:05","slug":"3809-vinilo-mccal-x-61-cm-transparente-x-metro","status":"publish","type":"product","link":"https:\/\/mebac.com.ar\/jujuy\/producto\/3809-vinilo-mccal-x-61-cm-transparente-x-metro\/","title":{"rendered":"3809 Vinilo Mccal X 61 Cm Transparente X Metro"},"content":{"rendered":"<div class=\"wpb-content-wrapper\"><p>[vc_row][vc_column][vc_column_text]<\/p>\n<p class=\"p1\"><b>FICHA T\u00c9CNICA<\/b><\/p>\n<p class=\"p2\"><b>CALIDAD:<\/b> Monomerico &#8211; Adhesivo al Solvente<\/p>\n<p class=\"p2\"><b>CALIBRE FILM:<\/b> 80mc<\/p>\n<p class=\"p2\"><b>CALIBRE LINER:<\/b> 135grs<\/p>\n<p class=\"p2\"><b>MEDIDA:<\/b> 61cm<\/p>\n<p class=\"p2\"><b>GARANT\u00cdA AL EXTERIOR:<\/b> 5 a\u00f1os<\/p>\n<p class=\"p2\"><b>APLICACIONES:<\/b> Vidrieras, vitraux, decoraci\u00f3n, \u00f3ptica de veh\u00edculos y mas<\/p>\n<p class=\"p2\">Aplicaci\u00f3n Interior y Exterior<\/p>\n<p class=\"p2\"><b>APTO PARA IMPRESI\u00d3N<\/b><\/p>\n<p class=\"p3\"><a href=\"https:\/\/mebac.com.ar\/jujuy\/wp-content\/uploads\/2022\/03\/Catalogo-McCal.pdf\"><span class=\"s1\" style=\"color: #0000ff\">Cat\u00e1logo Digital<\/span><\/a><\/p>\n<p>[\/vc_column_text][\/vc_column][\/vc_row]<\/p>\n<\/div>","protected":false},"excerpt":{"rendered":"<p>Vinilo Mccal Serie 3000 Transp. De Color &#8211; Cod. 3809 X 61 Cm Transparente<\/p>\n","protected":false},"featured_media":1013722,"template":"","meta":{"_joinchat":[]},"product_brand":[1728],"product_cat":[183,1564,1419],"product_tag":[],"class_list":{"0":"post-904572","1":"product","2":"type-product","3":"status-publish","4":"has-post-thumbnail","6":"product_brand-sin-marca","7":"product_cat-carteleria","8":"product_cat-transparente-s3000","9":"product_cat-vinilos-mccal","11":"first","12":"instock","13":"shipping-taxable","14":"purchasable","15":"product-type-simple"},"jetpack_sharing_enabled":true,"_links":{"self":[{"href":"https:\/\/mebac.com.ar\/jujuy\/wp-json\/wp\/v2\/product\/904572","targetHints":{"allow":["GET"]}}],"collection":[{"href":"https:\/\/mebac.com.ar\/jujuy\/wp-json\/wp\/v2\/product"}],"about":[{"href":"https:\/\/mebac.com.ar\/jujuy\/wp-json\/wp\/v2\/types\/product"}],"wp:featuredmedia":[{"embeddable":true,"href":"https:\/\/mebac.com.ar\/jujuy\/wp-json\/wp\/v2\/media\/1013722"}],"wp:attachment":[{"href":"https:\/\/mebac.com.ar\/jujuy\/wp-json\/wp\/v2\/media?parent=904572"}],"wp:term":[{"taxonomy":"product_brand","embeddable":true,"href":"https:\/\/mebac.com.ar\/jujuy\/wp-json\/wp\/v2\/product_brand?post=904572"},{"taxonomy":"product_cat","embeddable":true,"href":"https:\/\/mebac.com.ar\/jujuy\/wp-json\/wp\/v2\/product_cat?post=904572"},{"taxonomy":"product_tag","embeddable":true,"href":"https:\/\/mebac.com.ar\/jujuy\/wp-json\/wp\/v2\/product_tag?post=904572"}],"curies":[{"name":"wp","href":"https:\/\/api.w.org\/{rel}","templated":true}]}}