{"id":904588,"date":"2024-12-31T21:00:00","date_gmt":"2025-01-01T00:00:00","guid":{"rendered":"https:\/\/mebac.com.ar\/jujuy\/producto\/7803p-vinilo-mccal-x-61-cm-cromo-oro-x-metro\/"},"modified":"2026-04-09T19:27:06","modified_gmt":"2026-04-09T22:27:06","slug":"7803p-vinilo-mccal-x-61-cm-cromo-oro-x-metro","status":"publish","type":"product","link":"https:\/\/mebac.com.ar\/jujuy\/producto\/7803p-vinilo-mccal-x-61-cm-cromo-oro-x-metro\/","title":{"rendered":"7803p Vinilo Mccal X 61 Cm Cromo Oro X Metro"},"content":{"rendered":"<div class=\"wpb-content-wrapper\"><p>[vc_row][vc_column][vc_column_text]<\/p>\n<h3><strong>FICHA T\u00c9CNICA<\/strong><\/h3>\n<p><strong>CALIDAD:<\/strong> Monom\u00e9rico &#8211; Adhesivo al Solvente<\/p>\n<p><strong>CALIBRE FILM:<\/strong> 40mc<\/p>\n<p><strong>CALIBRE LINER:<\/strong> 135grs<\/p>\n<p><strong>MEDIDA:<\/strong> 61cm<\/p>\n<p><strong>GARANT\u00cdA AL EXTERIOR:<\/strong> 1-3 a\u00f1os<\/p>\n<p><strong>APLICACIONES:<\/strong> Vidrieras, Letras Corporeas, Carteleria, Decoraci\u00f3n, Rotulaci\u00f3n en general y m\u00e1s<\/p>\n<p><a href=\"https:\/\/mebac.com.ar\/jujuy\/wp-content\/uploads\/2022\/03\/Catalogo-McCal.pdf\"><span style=\"color: #0000ff\">Catalogo Digital<\/span><\/a>[\/vc_column_text][\/vc_column][\/vc_row]<\/p>\n<\/div>","protected":false},"excerpt":{"rendered":"<p>Vinilo Mccal Serie 7800 Metalizado &#8211; Cod. 7803p X 61 Cm Cromo Oro<\/p>\n","protected":false},"featured_media":1013730,"template":"","meta":{"_joinchat":[]},"product_brand":[1728],"product_cat":[183,1565,1419],"product_tag":[],"class_list":{"0":"post-904588","1":"product","2":"type-product","3":"status-publish","4":"has-post-thumbnail","6":"product_brand-sin-marca","7":"product_cat-carteleria","8":"product_cat-metalizado-s7800","9":"product_cat-vinilos-mccal","11":"first","12":"instock","13":"featured","14":"shipping-taxable","15":"purchasable","16":"product-type-simple"},"jetpack_sharing_enabled":true,"_links":{"self":[{"href":"https:\/\/mebac.com.ar\/jujuy\/wp-json\/wp\/v2\/product\/904588","targetHints":{"allow":["GET"]}}],"collection":[{"href":"https:\/\/mebac.com.ar\/jujuy\/wp-json\/wp\/v2\/product"}],"about":[{"href":"https:\/\/mebac.com.ar\/jujuy\/wp-json\/wp\/v2\/types\/product"}],"wp:featuredmedia":[{"embeddable":true,"href":"https:\/\/mebac.com.ar\/jujuy\/wp-json\/wp\/v2\/media\/1013730"}],"wp:attachment":[{"href":"https:\/\/mebac.com.ar\/jujuy\/wp-json\/wp\/v2\/media?parent=904588"}],"wp:term":[{"taxonomy":"product_brand","embeddable":true,"href":"https:\/\/mebac.com.ar\/jujuy\/wp-json\/wp\/v2\/product_brand?post=904588"},{"taxonomy":"product_cat","embeddable":true,"href":"https:\/\/mebac.com.ar\/jujuy\/wp-json\/wp\/v2\/product_cat?post=904588"},{"taxonomy":"product_tag","embeddable":true,"href":"https:\/\/mebac.com.ar\/jujuy\/wp-json\/wp\/v2\/product_tag?post=904588"}],"curies":[{"name":"wp","href":"https:\/\/api.w.org\/{rel}","templated":true}]}}