{"id":904818,"date":"2025-01-01T00:00:00","date_gmt":"2025-01-01T00:00:00","guid":{"rendered":"https:\/\/mebac.com.ar\/jujuy\/producto\/fn6-vinilo-termotransferible-poliester-x-50-cm-fuccia-x-metro\/"},"modified":"2026-03-10T10:30:29","modified_gmt":"2026-03-10T13:30:29","slug":"fn6-vinilo-termotransferible-poliester-x-50-cm-fuccia-x-metro","status":"publish","type":"product","link":"https:\/\/mebac.com.ar\/jujuy\/producto\/fn6-vinilo-termotransferible-poliester-x-50-cm-fuccia-x-metro\/","title":{"rendered":"Fn6 Vinilo Termotransferible Poliester X 50 Cm Fuccia X Metro"},"content":{"rendered":"<div class=\"wpb-content-wrapper\"><p>[vc_row][vc_column][vc_column_text]<\/p>\n<h3><strong>L\u00ednea FOIL Metalizados<\/strong><\/h3>\n<ul>\n<li>Amplia gama de motivos metalizados, con terminaci\u00f3n Hologr\u00e1fica, tornasolada, etc.<\/li>\n<li>Medidas: 50 cm<\/li>\n<li>Rollo: x 50 m de largo<\/li>\n<li>Unidad de venta: x Metro<\/li>\n<li>Aplicaciones: Ofrece una apariencia \u00fanica y brillante para aplicaciones de dise\u00f1o creativo.<\/li>\n<li>Par\u00e1metros de Estampado: 180 grados cent\u00edgrados por 25 segundo con presi\u00f3n media<\/li>\n<\/ul>\n<p><a href=\"https:\/\/mebac.com.ar\/jujuy\/wp-content\/uploads\/2020\/12\/Catalogo-Termo.pdf\"><span style=\"color: #0000ff\">Cat\u00e1logo Termo<\/span><\/a>[\/vc_column_text][\/vc_column][\/vc_row]<\/p>\n<\/div>","protected":false},"excerpt":{"rendered":"<p>Vinilo Termotransferible Cod. Fn6 X 50 Cm Poliester Fuccia<\/p>\n","protected":false},"featured_media":1013845,"template":"","meta":{"_joinchat":[]},"product_brand":[1738],"product_cat":[661,1215,1569],"product_tag":[],"class_list":{"0":"post-904818","1":"product","2":"type-product","3":"status-publish","4":"has-post-thumbnail","6":"product_brand-mccal","7":"product_cat-estampado","8":"product_cat-insumos-para-estampar","9":"product_cat-vinilos-textiles","11":"first","12":"instock","13":"shipping-taxable","14":"purchasable","15":"product-type-simple"},"jetpack_sharing_enabled":true,"_links":{"self":[{"href":"https:\/\/mebac.com.ar\/jujuy\/wp-json\/wp\/v2\/product\/904818","targetHints":{"allow":["GET"]}}],"collection":[{"href":"https:\/\/mebac.com.ar\/jujuy\/wp-json\/wp\/v2\/product"}],"about":[{"href":"https:\/\/mebac.com.ar\/jujuy\/wp-json\/wp\/v2\/types\/product"}],"wp:featuredmedia":[{"embeddable":true,"href":"https:\/\/mebac.com.ar\/jujuy\/wp-json\/wp\/v2\/media\/1013845"}],"wp:attachment":[{"href":"https:\/\/mebac.com.ar\/jujuy\/wp-json\/wp\/v2\/media?parent=904818"}],"wp:term":[{"taxonomy":"product_brand","embeddable":true,"href":"https:\/\/mebac.com.ar\/jujuy\/wp-json\/wp\/v2\/product_brand?post=904818"},{"taxonomy":"product_cat","embeddable":true,"href":"https:\/\/mebac.com.ar\/jujuy\/wp-json\/wp\/v2\/product_cat?post=904818"},{"taxonomy":"product_tag","embeddable":true,"href":"https:\/\/mebac.com.ar\/jujuy\/wp-json\/wp\/v2\/product_tag?post=904818"}],"curies":[{"name":"wp","href":"https:\/\/api.w.org\/{rel}","templated":true}]}}