{"id":906056,"date":"2024-12-31T21:00:00","date_gmt":"2025-01-01T00:00:00","guid":{"rendered":"https:\/\/mebac.com.ar\/jujuy\/producto\/pistola-de-calor-ibi-craft-2-velocidades\/"},"modified":"2026-03-31T11:10:13","modified_gmt":"2026-03-31T14:10:13","slug":"pistola-de-calor-ibi-craft-2-velocidades","status":"publish","type":"product","link":"https:\/\/mebac.com.ar\/jujuy\/producto\/pistola-de-calor-ibi-craft-2-velocidades\/","title":{"rendered":"Pistola De Calor Ibi Craft 2 Velocidades"},"content":{"rendered":"<div class=\"wpb-content-wrapper\"><p>[vc_row][vc_column][vc_column_text css=\u00bb\u00bb]Perfecta para manualidades, bricolage y pintura decapado, embossing, creaciones de cer\u00e1mica, polo en relieve, fundir adhesivos o l\u00e1minas delgadas y mucho m\u00e1s!<\/p>\n<p>Flujo de aire sectorizado con exclusivo pico de doble protecci\u00f3n que optimiza la aplicaci\u00f3n de calor y protege de quemaduras.<\/p>\n<p>2 velocidades, doble potencia.<br \/>\nDoble velocidad para garantizar un trabajo perfecto siempre.<br \/>\nPotencia 1-3 &#8211; 300 W<\/p>\n<p>Soporte plegable para dejarla apoyada mientras trabaj\u00e1s.<\/p>\n<p>Dise\u00f1ada especialmente para crafters, ya que elimina burbujas de aire y proporciona calor\u00a0constante.[\/vc_column_text][\/vc_column][\/vc_row]<\/p>\n<\/div>","protected":false},"excerpt":{"rendered":"<p>657100  Pistola De Calor Ibi Crafter 2 Velocidades<\/p>\n","protected":false},"featured_media":1014641,"template":"","meta":{"_joinchat":[]},"product_brand":[1728],"product_cat":[1406,1399,1407],"product_tag":[],"class_list":{"0":"post-906056","1":"product","2":"type-product","3":"status-publish","4":"has-post-thumbnail","6":"product_brand-sin-marca","7":"product_cat-embossing","8":"product_cat-encuadernacion-corte-y-craft","9":"product_cat-herramientas-para-embossing","11":"first","12":"instock","13":"shipping-taxable","14":"purchasable","15":"product-type-simple"},"jetpack_sharing_enabled":true,"_links":{"self":[{"href":"https:\/\/mebac.com.ar\/jujuy\/wp-json\/wp\/v2\/product\/906056","targetHints":{"allow":["GET"]}}],"collection":[{"href":"https:\/\/mebac.com.ar\/jujuy\/wp-json\/wp\/v2\/product"}],"about":[{"href":"https:\/\/mebac.com.ar\/jujuy\/wp-json\/wp\/v2\/types\/product"}],"wp:featuredmedia":[{"embeddable":true,"href":"https:\/\/mebac.com.ar\/jujuy\/wp-json\/wp\/v2\/media\/1014641"}],"wp:attachment":[{"href":"https:\/\/mebac.com.ar\/jujuy\/wp-json\/wp\/v2\/media?parent=906056"}],"wp:term":[{"taxonomy":"product_brand","embeddable":true,"href":"https:\/\/mebac.com.ar\/jujuy\/wp-json\/wp\/v2\/product_brand?post=906056"},{"taxonomy":"product_cat","embeddable":true,"href":"https:\/\/mebac.com.ar\/jujuy\/wp-json\/wp\/v2\/product_cat?post=906056"},{"taxonomy":"product_tag","embeddable":true,"href":"https:\/\/mebac.com.ar\/jujuy\/wp-json\/wp\/v2\/product_tag?post=906056"}],"curies":[{"name":"wp","href":"https:\/\/api.w.org\/{rel}","templated":true}]}}