{"id":907057,"date":"2025-01-01T00:00:00","date_gmt":"2025-01-01T00:00:00","guid":{"rendered":"https:\/\/mebac.com.ar\/jujuy\/producto\/pet-film-dtf-0-75m-a4-x-20\/"},"modified":"2026-04-03T18:42:04","modified_gmt":"2026-04-03T21:42:04","slug":"pet-film-dtf-0-75m-a4-x-20","status":"publish","type":"product","link":"https:\/\/mebac.com.ar\/jujuy\/producto\/pet-film-dtf-0-75m-a4-x-20\/","title":{"rendered":"Pet Film Dtf 0.75m A4 X 20"},"content":{"rendered":"<div class=\"wpb-content-wrapper\"><p>[vc_row][vc_column][vc_column_text]<\/p>\n<ul>\n<li>Film PET transl\u00facido tama\u00f1o A4 donde se imprimir\u00e1 el dise\u00f1o.<\/li>\n<li>Sirven como soporte para la tinta textil y para transportar del dise\u00f1o hasta el tejido.<\/li>\n<li>Fabricados con PET, un termopl\u00e1stico muy resistente a la temperatura y a su manipulaci\u00f3n durante el proceso de aplicaci\u00f3n de la t\u00e9cnica.<\/li>\n<li>Similares a los acetatos pero transl\u00facidos, por lo que es posible ver el dise\u00f1o por ambas caras del \ufb01lm.<\/li>\n<li>Mantienen las tintas h\u00famedas pero evita migraciones.<\/li>\n<li>Presentaci\u00f3n 20 hojas.<\/li>\n<\/ul>\n<p>[\/vc_column_text][\/vc_column][\/vc_row]<\/p>\n<\/div>","protected":false},"excerpt":{"rendered":"<p>Pet Film Dtf  0.75m  A4 X 20 Hojas Soporte  De Transferencia<\/p>\n","protected":false},"featured_media":1015334,"template":"","meta":{"_joinchat":[]},"product_brand":[1728],"product_cat":[661,1592,1215],"product_tag":[],"class_list":{"0":"post-907057","1":"product","2":"type-product","3":"status-publish","4":"has-post-thumbnail","6":"product_brand-sin-marca","7":"product_cat-estampado","8":"product_cat-insumos-para-dtf","9":"product_cat-insumos-para-estampar","11":"first","12":"instock","13":"shipping-taxable","14":"purchasable","15":"product-type-simple"},"jetpack_sharing_enabled":true,"_links":{"self":[{"href":"https:\/\/mebac.com.ar\/jujuy\/wp-json\/wp\/v2\/product\/907057","targetHints":{"allow":["GET"]}}],"collection":[{"href":"https:\/\/mebac.com.ar\/jujuy\/wp-json\/wp\/v2\/product"}],"about":[{"href":"https:\/\/mebac.com.ar\/jujuy\/wp-json\/wp\/v2\/types\/product"}],"wp:featuredmedia":[{"embeddable":true,"href":"https:\/\/mebac.com.ar\/jujuy\/wp-json\/wp\/v2\/media\/1015334"}],"wp:attachment":[{"href":"https:\/\/mebac.com.ar\/jujuy\/wp-json\/wp\/v2\/media?parent=907057"}],"wp:term":[{"taxonomy":"product_brand","embeddable":true,"href":"https:\/\/mebac.com.ar\/jujuy\/wp-json\/wp\/v2\/product_brand?post=907057"},{"taxonomy":"product_cat","embeddable":true,"href":"https:\/\/mebac.com.ar\/jujuy\/wp-json\/wp\/v2\/product_cat?post=907057"},{"taxonomy":"product_tag","embeddable":true,"href":"https:\/\/mebac.com.ar\/jujuy\/wp-json\/wp\/v2\/product_tag?post=907057"}],"curies":[{"name":"wp","href":"https:\/\/api.w.org\/{rel}","templated":true}]}}