{"id":915744,"date":"2026-01-20T22:22:25","date_gmt":"2026-01-21T01:22:25","guid":{"rendered":"https:\/\/mebac.com.ar\/salta\/?page_id=915744"},"modified":"2026-02-17T17:24:39","modified_gmt":"2026-02-17T20:24:39","slug":"empresa","status":"publish","type":"page","link":"https:\/\/mebac.com.ar\/salta\/empresa\/","title":{"rendered":"Empresa"},"content":{"rendered":"<div class=\"wpb-content-wrapper\"><p>[vc_row][vc_column][vc_column_text css=\u00bb\u00bb woodmart_inline=\u00bbno\u00bb text_larger=\u00bbno\u00bb]<\/p>\n<div class=\"msc-empresa\"><!-- Hero con imagen --><\/p>\n<div class=\"msc-empresa-hero\"><img decoding=\"async\" class=\"msc-empresa-hero-img\" src=\"https:\/\/mebac.com.ar\/salta\/wp-content\/uploads\/2026\/02\/Personal-mebac-salta.jpg-scaled.jpeg\" alt=\"Sucursal Mebac Jujuy\"><\/div>\n<p><!-- Contenido principal --><\/p>\n<div class=\"msc-empresa-content\"><!-- Introducci\u00f3n destacada (Misi\u00f3n) --><\/p>\n<div class=\"msc-empresa-intro\">\n<p>En MEBAC desarrollamos soluciones integrales para quienes transforman ideas en proyectos concretos. Nuestra misi\u00f3n es clara: poner a disposici\u00f3n la m\u00e1quina adecuada y el material correcto para cada necesidad, acompa\u00f1ando a nuestros clientes en cada etapa de su trabajo.<\/p>\n<\/div>\n<p><!-- Tarjetas de informaci\u00f3n --><\/p>\n<div class=\"msc-empresa-cards\"><!-- Card 1: Portfolio --><\/p>\n<div class=\"msc-empresa-card\">\n<div class=\"msc-empresa-card-icon\"><!-- Icono: documentos\/archivos --><br \/>\n<img decoding=\"async\" src=\"data:image\/svg+xml;base64,PHN2ZyB4bWxucz0iaHR0cDovL3d3dy53My5vcmcvMjAwMC9zdmciIHdpZHRoPSIyNCIgaGVpZ2h0PSIyNCIgdmlld0JveD0iMCAwIDI0IDI0IiBmaWxsPSJub25lIiBzdHJva2U9IiMxYzYxZTciIHN0cm9rZS13aWR0aD0iMiIgc3Ryb2tlLWxpbmVjYXA9InJvdW5kIiBzdHJva2UtbGluZWpvaW49InJvdW5kIj48cGF0aCBkPSJNMTQgMkg2YTIgMiAwIDAgMC0yIDJ2MTZhMiAyIDAgMCAwIDIgMmgxMmEyIDIgMCAwIDAgMi0yVjh6Ij48L3BhdGg+PHBvbHlsaW5lIHBvaW50cz0iMTQgMiAxNCA4IDIwIDgiPjwvcG9seWxpbmU+PGxpbmUgeDE9IjE2IiB5MT0iMTMiIHgyPSI4IiB5Mj0iMTMiPjwvbGluZT48bGluZSB4MT0iMTYiIHkxPSIxNyIgeDI9IjgiIHkyPSIxNyI+PC9saW5lPjxsaW5lIHgxPSIxMCIgeTE9IjkiIHgyPSI4IiB5Mj0iOSI+PC9saW5lPjwvc3ZnPg==\" alt=\"Portfolio\"><\/div>\n<h3 class=\"msc-empresa-card-title\">Portfolio Especializado<\/h3>\n<p class=\"msc-empresa-card-text\">Contamos con un portfolio amplio y especializado que abarca impresi\u00f3n y papeler\u00eda t\u00e9cnica, encuadernaci\u00f3n, corte y plastificado, herramientas para craft, estampado, carteler\u00eda, impresi\u00f3n 3D e inform\u00e1tica. Cada producto que comercializamos es cuidadosamente seleccionado, priorizando calidad, confiabilidad y rendimiento.<\/p>\n<\/div>\n<p><!-- Card 2: Log\u00edstica --><\/p>\n<div class=\"msc-empresa-card\">\n<div class=\"msc-empresa-card-icon\"><!-- Icono: truck --><br \/>\n<img decoding=\"async\" src=\"data:image\/svg+xml;base64,PHN2ZyB4bWxucz0iaHR0cDovL3d3dy53My5vcmcvMjAwMC9zdmciIHdpZHRoPSIyNCIgaGVpZ2h0PSIyNCIgdmlld0JveD0iMCAwIDI0IDI0IiBmaWxsPSJub25lIiBzdHJva2U9IiMxYzYxZTciIHN0cm9rZS13aWR0aD0iMiIgc3Ryb2tlLWxpbmVjYXA9InJvdW5kIiBzdHJva2UtbGluZWpvaW49InJvdW5kIj48cmVjdCB4PSIxIiB5PSIzIiB3aWR0aD0iMTUiIGhlaWdodD0iMTMiPjwvcmVjdD48cG9seWdvbiBwb2ludHM9IjE2IDggMjAgOCAyMyAxMSAyMyAxNiAxNiAxNiAxNiA4Ij48L3BvbHlnb24+PGNpcmNsZSBjeD0iNS41IiBjeT0iMTguNSIgcj0iMi41Ij48L2NpcmNsZT48Y2lyY2xlIGN4PSIxOC41IiBjeT0iMTguNSIgcj0iMi41Ij48L2NpcmNsZT48L3N2Zz4=\" alt=\"Log\u00edstica\"><\/div>\n<h3 class=\"msc-empresa-card-title\">Log\u00edstica Propia<\/h3>\n<p class=\"msc-empresa-card-text\">Uno de nuestros principales diferenciales es la log\u00edstica propia, que nos permite realizar entregas en todo el territorio de la provincia de Salta, llegando incluso a las zonas m\u00e1s alejadas, con control, trazabilidad y cumplimiento en cada env\u00edo.<\/p>\n<\/div>\n<p><!-- Card 3: Soporte Post Venta --><\/p>\n<div class=\"msc-empresa-card\">\n<div class=\"msc-empresa-card-icon\"><!-- Icono: phone-call\/soporte --><br \/>\n<img decoding=\"async\" src=\"data:image\/svg+xml;base64,PHN2ZyB4bWxucz0iaHR0cDovL3d3dy53My5vcmcvMjAwMC9zdmciIHdpZHRoPSIyNCIgaGVpZ2h0PSIyNCIgdmlld0JveD0iMCAwIDI0IDI0IiBmaWxsPSJub25lIiBzdHJva2U9IiMxYzYxZTciIHN0cm9rZS13aWR0aD0iMiIgc3Ryb2tlLWxpbmVjYXA9InJvdW5kIiBzdHJva2UtbGluZWpvaW49InJvdW5kIj48cGF0aCBkPSJNMjIgMTYuOTJ2M2EyIDIgMCAwIDEtMi4xOCAyIDE5Ljc5IDE5Ljc5IDAgMCAxLTguNjMtMy4wNyAxOS41IDE5LjUgMCAwIDEtNi02IDE5Ljc5IDE5Ljc5IDAgMCAxLTMuMDctOC42N0EyIDIgMCAwIDEgNC4xMSAyaDNhMiAyIDAgMCAxIDIgMS43MiAxMi44NCAxMi44NCAwIDAgMCAuNyAyLjgxIDIgMiAwIDAgMS0uNDUgMi4xMUw4LjA5IDkuOTFhMTYgMTYgMCAwIDAgNiA2bDEuMjctMS4yN2EyIDIgMCAwIDEgMi4xMS0uNDUgMTIuODQgMTIuODQgMCAwIDAgMi44MS43IDIgMiAwIDAgMSAxLjcyIDJ6Ij48L3BhdGg+PHBhdGggZD0iTTE0LjA1IDJhOSA5IDAgMCAxIDggNy45NCI+PC9wYXRoPjxwYXRoIGQ9Ik0xNC4wNSA2YTUgNSAwIDAgMSA0IDMuOSI+PC9wYXRoPjwvc3ZnPg==\" alt=\"Soporte\"><\/div>\n<h3 class=\"msc-empresa-card-title\">Soporte Post Venta<\/h3>\n<p class=\"msc-empresa-card-text\">El compromiso de MEBAC no finaliza con la venta. Disponemos de un departamento exclusivo de soporte post venta, orientado a brindar asistencia t\u00e9cnica, acompa\u00f1amiento y respaldo continuo, asegurando el correcto funcionamiento de los equipos y la satisfacci\u00f3n de nuestros clientes.<\/p>\n<\/div>\n<\/div>\n<p><!-- Secci\u00f3n Creativos --><\/p>\n<div class=\"msc-empresa-creativos\">\n<div class=\"msc-empresa-creativos-icon\"><!-- Icono: lightbulb\/idea --><br \/>\n<img decoding=\"async\" src=\"data:image\/svg+xml;base64,PHN2ZyB4bWxucz0iaHR0cDovL3d3dy53My5vcmcvMjAwMC9zdmciIHdpZHRoPSIyNCIgaGVpZ2h0PSIyNCIgdmlld0JveD0iMCAwIDI0IDI0IiBmaWxsPSJub25lIiBzdHJva2U9IiMxYzYxZTciIHN0cm9rZS13aWR0aD0iMiIgc3Ryb2tlLWxpbmVjYXA9InJvdW5kIiBzdHJva2UtbGluZWpvaW49InJvdW5kIj48cGF0aCBkPSJNOSAxOGg2Ij48L3BhdGg+PHBhdGggZD0iTTEwIDIyaDQiPjwvcGF0aD48cGF0aCBkPSJNMTUuMDkgMTRjLjE4LS45OC42NS0xLjc0IDEuNDEtMi41QTQgNCAwIDEgMCA3LjUgMTEuNWMuNzYuNzYgMS4yMyAxLjUyIDEuNDEgMi41Ij48L3BhdGg+PC9zdmc+\" alt=\"Creativos\"><\/div>\n<p class=\"msc-empresa-creativos-text\">Sabemos que los creativos necesitan algo m\u00e1s que productos: necesitan libertad para experimentar, materiales confiables y herramientas que acompa\u00f1en cada proceso. En MEBAC trabajamos para que cada idea encuentre su forma, desde el primer boceto hasta el resultado final.<\/p>\n<\/div>\n<p><!-- Bloque de confianza --><\/p>\n<div class=\"msc-empresa-confianza\">\n<p>Creemos que las buenas ideas necesitan respaldo, experiencia y confianza. Por eso trabajamos todos los d\u00edas para ser un socio estrat\u00e9gico para oficinas, empresas, instituciones, emprendedores y creativos.<\/p>\n<\/div>\n<p><!-- Slogan final --><\/p>\n<div class=\"msc-empresa-slogan\">\n<p><span class=\"msc-empresa-slogan-marca\">MEBAC<\/span><\/p>\n<blockquote class=\"msc-empresa-quote\"><p>Una m\u00e1quina y un material para cada idea<\/p><\/blockquote>\n<\/div>\n<p><!-- Redes sociales --><\/p>\n<div class=\"msc-empresa-social\">\n<p>&nbsp;<\/p>\n<p><a class=\"msc-empresa-social-link\" href=\"https:\/\/www.facebook.com\/MebacSalta\" target=\"_blank\" rel=\"noopener\"><img loading=\"lazy\" decoding=\"async\" class=\"alignnone\" src=\"data:image\/svg+xml;base64,PHN2ZyB4bWxucz0iaHR0cDovL3d3dy53My5vcmcvMjAwMC9zdmciIHdpZHRoPSIyMCIgaGVpZ2h0PSIyMCIgdmlld0JveD0iMCAwIDI0IDI0IiBmaWxsPSJub25lIiBzdHJva2U9IiMxYzYxZTciIHN0cm9rZS13aWR0aD0iMiIgc3Ryb2tlLWxpbmVjYXA9InJvdW5kIiBzdHJva2UtbGluZWpvaW49InJvdW5kIj48cGF0aCBkPSJNMTggMmgtM2E1IDUgMCAwIDAtNSA1djNIN3Y0aDN2OGg0di04aDNsMS00aC00VjdhMSAxIDAgMCAxIDEtMWgzeiI+PC9wYXRoPjwvc3ZnPg==\" alt=\"Facebook\" width=\"20\" height=\"20\"><\/a><br \/>\n<a class=\"msc-empresa-social-link\" href=\"https:\/\/www.instagram.com\/mebacsalta\/\" target=\"_blank\" rel=\"noopener\" aria-label=\"Instagram\"><br \/>\n<img decoding=\"async\" src=\"data:image\/svg+xml;base64,PHN2ZyB4bWxucz0iaHR0cDovL3d3dy53My5vcmcvMjAwMC9zdmciIHdpZHRoPSIyMCIgaGVpZ2h0PSIyMCIgdmlld0JveD0iMCAwIDI0IDI0IiBmaWxsPSJub25lIiBzdHJva2U9IiMxYzYxZTciIHN0cm9rZS13aWR0aD0iMiIgc3Ryb2tlLWxpbmVjYXA9InJvdW5kIiBzdHJva2UtbGluZWpvaW49InJvdW5kIj48cmVjdCB4PSIyIiB5PSIyIiB3aWR0aD0iMjAiIGhlaWdodD0iMjAiIHJ4PSI1IiByeT0iNSI+PC9yZWN0PjxjaXJjbGUgY3g9IjEyIiBjeT0iMTIiIHI9IjQiPjwvY2lyY2xlPjxjaXJjbGUgY3g9IjE3LjUiIGN5PSI2LjUiIHI9IjEuNSI+PC9jaXJjbGU+PC9zdmc+\" alt=\"Instagram\"><br \/>\n<\/a><br \/>\n<a class=\"msc-empresa-social-link\" href=\"https:\/\/www.youtube.com\/channel\/UCHijdVNoHgAibcy-VQoBchA\" target=\"_blank\" rel=\"noopener\" aria-label=\"YouTube\"><br \/>\n<img decoding=\"async\" src=\"data:image\/svg+xml;base64,PHN2ZyB4bWxucz0iaHR0cDovL3d3dy53My5vcmcvMjAwMC9zdmciIHdpZHRoPSIyMCIgaGVpZ2h0PSIyMCIgdmlld0JveD0iMCAwIDI0IDI0IiBmaWxsPSJub25lIiBzdHJva2U9IiMxYzYxZTciIHN0cm9rZS13aWR0aD0iMiIgc3Ryb2tlLWxpbmVjYXA9InJvdW5kIiBzdHJva2UtbGluZWpvaW49InJvdW5kIj48cGF0aCBkPSJNMjIuNTQgNi40MmEyLjc4IDIuNzggMCAwIDAtMS45NC0yQzE4Ljg4IDQgMTIgNCAxMiA0cy02Ljg4IDAtOC42LjQ2YTIuNzggMi43OCAwIDAgMC0xLjk0IDJBMjkgMjkgMCAwIDAgMSAxMmEyOSAyOSAwIDAgMCAuNDYgNS41OEEyLjc4IDIuNzggMCAwIDAgMy40IDE5LjU4QzUuMTIgMjAgMTIgMjAgMTIgMjBzNi44OCAwIDguNi0uNDZhMi43OCAyLjc4IDAgMCAwIDEuOTQtMkEyOSAyOSAwIDAgMCAyMyAxMmEyOSAyOSAwIDAgMC0uNDYtNS41OHoiPjwvcGF0aD48cG9seWdvbiBwb2ludHM9IjkuNzUgMTUuMDIgMTUuNSAxMiA5Ljc1IDguOTggOS43NSAxNS4wMiI+PC9wb2x5Z29uPjwvc3ZnPg==\" alt=\"YouTube\"><br \/>\n<\/a><br \/>\n<a class=\"msc-empresa-social-link\" href=\"https:\/\/www.tiktok.com\/@mebac.salta\" target=\"_blank\" rel=\"noopener\" aria-label=\"TikTok\"><br \/>\n<img decoding=\"async\" src=\"data:image\/svg+xml;base64,PHN2ZyB4bWxucz0iaHR0cDovL3d3dy53My5vcmcvMjAwMC9zdmciIHdpZHRoPSIyMCIgaGVpZ2h0PSIyMCIgdmlld0JveD0iMCAwIDI0IDI0IiBmaWxsPSJub25lIiBzdHJva2U9IiMxYzYxZTciIHN0cm9rZS13aWR0aD0iMiIgc3Ryb2tlLWxpbmVjYXA9InJvdW5kIiBzdHJva2UtbGluZWpvaW49InJvdW5kIj48cGF0aCBkPSJNOSAxMmE0IDQgMCAxIDAgNCA0VjRhNSA1IDAgMCAwIDUgNSI+PC9wYXRoPjwvc3ZnPg==\" alt=\"TikTok\"><br \/>\n<\/a><\/p>\n<\/div>\n<\/div>\n<\/div>\n<p>&nbsp;[\/vc_column_text][\/vc_column][\/vc_row]<\/p>\n<\/div>","protected":false},"excerpt":{"rendered":"<p>[vc_row][vc_column][vc_column_text css=\u00bb\u00bb woodmart_inline=\u00bbno\u00bb text_larger=\u00bbno\u00bb] En MEBAC desarrollamos soluciones integrales para quienes transforman ideas en proyectos concretos. Nuestra misi\u00f3n es clara:<\/p>\n","protected":false},"author":1,"featured_media":0,"parent":0,"menu_order":0,"comment_status":"closed","ping_status":"closed","template":"","meta":{"_joinchat":[],"footnotes":""},"class_list":["post-915744","page","type-page","status-publish","hentry"],"jetpack_sharing_enabled":true,"_links":{"self":[{"href":"https:\/\/mebac.com.ar\/salta\/wp-json\/wp\/v2\/pages\/915744","targetHints":{"allow":["GET"]}}],"collection":[{"href":"https:\/\/mebac.com.ar\/salta\/wp-json\/wp\/v2\/pages"}],"about":[{"href":"https:\/\/mebac.com.ar\/salta\/wp-json\/wp\/v2\/types\/page"}],"author":[{"embeddable":true,"href":"https:\/\/mebac.com.ar\/salta\/wp-json\/wp\/v2\/users\/1"}],"replies":[{"embeddable":true,"href":"https:\/\/mebac.com.ar\/salta\/wp-json\/wp\/v2\/comments?post=915744"}],"version-history":[{"count":25,"href":"https:\/\/mebac.com.ar\/salta\/wp-json\/wp\/v2\/pages\/915744\/revisions"}],"predecessor-version":[{"id":1001203,"href":"https:\/\/mebac.com.ar\/salta\/wp-json\/wp\/v2\/pages\/915744\/revisions\/1001203"}],"wp:attachment":[{"href":"https:\/\/mebac.com.ar\/salta\/wp-json\/wp\/v2\/media?parent=915744"}],"curies":[{"name":"wp","href":"https:\/\/api.w.org\/{rel}","templated":true}]}}