{"id":899465,"date":"2024-12-31T21:00:00","date_gmt":"2025-01-01T00:00:00","guid":{"rendered":"https:\/\/mebac.com.ar\/salta\/producto\/gg-a4-calco-transparente-al-agua-x-hoja\/"},"modified":"2026-04-14T10:39:03","modified_gmt":"2026-04-14T13:39:03","slug":"gg-a4-calco-transparente-al-agua-x-hoja","status":"publish","type":"product","link":"https:\/\/mebac.com.ar\/salta\/producto\/gg-a4-calco-transparente-al-agua-x-hoja\/","title":{"rendered":"G&#038;g A4 Calco Transparente Al Agua X Hoja"},"content":{"rendered":"<div class=\"wpb-content-wrapper\"><p>[vc_row][vc_column][vc_column_text]<\/p>\n<ul>\n<li>Papel water decal o calco al agua transparente adecuado para la aplicaci\u00f3n sobre\u00a0materiales\u00a0sensibles al calor\u00a0y\u00a0materiales con superficies no planas<\/li>\n<li>Marca: G&amp;G\u00ae.<\/li>\n<li>Formato: A4 (210mm x 297mm).<\/li>\n<li>Compatibilidad: impresoras chorro de tinta (inkjet).<\/li>\n<li>Tipo de tinta: DYE fotogr\u00e1fica.<\/li>\n<li>Unidad de venta: 1 hoja<\/li>\n<li>Aplicaciones: Estampados en porcelanas, vidrios, metales, azulejos, pl\u00e1sticos, maderas,\u00a0velas, etc.<\/li>\n<\/ul>\n<h3>MODO DE USO<\/h3>\n<ul>\n<li>Imprima la imagen del tama\u00f1o deseado sobre la cara suave de la hoja.<\/li>\n<li>Utilice laca en aerosol para rociar de manera uniforme la superficie impresa.<\/li>\n<li>Recorte la imagen por el contorno dejando un peque\u00f1o margen.<\/li>\n<li>Sumerja el papel en agua durante 60 segundos hasta que se separe el papel base de la membrana transfer. Ambas partes pueden separarse desliz\u00e1ndose. Transfiera el dise\u00f1o deslizando lentamente la membrana impresa del papel base y acerc\u00e1ndola a la superficie del objeto a estampar.<\/li>\n<li>Despu\u00e9s de posicionar el dise\u00f1o utilice una tarjeta para deshacerse de las burbujas atrapadas entre el dise\u00f1o y el objeto. Elimine el exceso de humedad con papel absorbente. Seque la imagen con secador de pelo durante 10 minutos.<\/li>\n<\/ul>\n<p>[\/vc_column_text][\/vc_column][\/vc_row]<\/p>\n<\/div>","protected":false},"excerpt":{"rendered":"<p>Papel Water Decal Transparente Calcos Al Agua A4 X Hoja<\/p>\n","protected":false},"featured_media":1002211,"template":"","meta":{"_joinchat":[]},"product_brand":[1274],"product_cat":[661,1215,1216],"product_tag":[],"class_list":{"0":"post-899465","1":"product","2":"type-product","3":"status-publish","4":"has-post-thumbnail","6":"product_brand-tecnovibe","7":"product_cat-estampado","8":"product_cat-insumos-para-estampar","9":"product_cat-papeles-transfers","11":"first","12":"instock","13":"shipping-taxable","14":"purchasable","15":"product-type-simple"},"jetpack_sharing_enabled":true,"_links":{"self":[{"href":"https:\/\/mebac.com.ar\/salta\/wp-json\/wp\/v2\/product\/899465","targetHints":{"allow":["GET"]}}],"collection":[{"href":"https:\/\/mebac.com.ar\/salta\/wp-json\/wp\/v2\/product"}],"about":[{"href":"https:\/\/mebac.com.ar\/salta\/wp-json\/wp\/v2\/types\/product"}],"wp:featuredmedia":[{"embeddable":true,"href":"https:\/\/mebac.com.ar\/salta\/wp-json\/wp\/v2\/media\/1002211"}],"wp:attachment":[{"href":"https:\/\/mebac.com.ar\/salta\/wp-json\/wp\/v2\/media?parent=899465"}],"wp:term":[{"taxonomy":"product_brand","embeddable":true,"href":"https:\/\/mebac.com.ar\/salta\/wp-json\/wp\/v2\/product_brand?post=899465"},{"taxonomy":"product_cat","embeddable":true,"href":"https:\/\/mebac.com.ar\/salta\/wp-json\/wp\/v2\/product_cat?post=899465"},{"taxonomy":"product_tag","embeddable":true,"href":"https:\/\/mebac.com.ar\/salta\/wp-json\/wp\/v2\/product_tag?post=899465"}],"curies":[{"name":"wp","href":"https:\/\/api.w.org\/{rel}","templated":true}]}}