{"id":899716,"date":"2026-04-10T22:23:12","date_gmt":"2026-04-11T01:23:12","guid":{"rendered":"https:\/\/mebac.com.ar\/salta\/producto\/ambart-a3-240-grs-polyester-canvas-inkjet-x-hoja\/"},"modified":"2026-04-09T12:24:04","modified_gmt":"2026-04-09T15:24:04","slug":"ambart-a3-240-grs-polyester-canvas-inkjet-x-hoja","status":"publish","type":"product","link":"https:\/\/mebac.com.ar\/salta\/producto\/ambart-a3-240-grs-polyester-canvas-inkjet-x-hoja\/","title":{"rendered":"Ambart A3+ 240 Grs Polyester Canvas Inkjet X Hoja"},"content":{"rendered":"<div class=\"wpb-content-wrapper\"><p>[vc_row][vc_column][vc_column_text]<\/p>\n<ul>\n<li>Denominaci\u00f3n: Canvas Cotton<\/li>\n<li>Tama\u00f1o: A3+<\/li>\n<li>Superficie: Mate<\/li>\n<li>Gramaje: 260gr<\/li>\n<li>Cantidad de hojas: 1u.<\/li>\n<li>Caracter\u00edsticas: Es un lienzo de gran calidad para tintas al agua, \u00a0de secado instant\u00e1neo, alta longevidad (conservaci\u00f3n del color a trav\u00e9s del tiempo), resistente al agua, importante resoluci\u00f3n y saturaci\u00f3n del color. Compatible con todos los plotters e impresoras con tintas al agua y\/o pigmentadas.<\/li>\n<li>Aplicaciones: \u00a0Fine Art Gicle\u00e9. Reproducci\u00f3n de Obras de Arte. Arte Digital. Impresi\u00f3n de cuadros decorativos y sociales. Ideal para montaje en bastidores de madera.<\/li>\n<\/ul>\n<p>[\/vc_column_text][\/vc_column][\/vc_row]<\/p>\n<\/div>","protected":false},"excerpt":{"rendered":"<p>Lienzo Polyester Canvas Ambart A3+ 240 Gramos X Hoja<\/p>\n","protected":false},"featured_media":1002332,"template":"","meta":{"_joinchat":[]},"product_brand":[1283],"product_cat":[978,141,657],"product_tag":[],"class_list":{"0":"post-899716","1":"product","2":"type-product","3":"status-publish","4":"has-post-thumbnail","6":"product_brand-ambart","7":"product_cat-lienzo-canvas","8":"product_cat-papeles","9":"product_cat-papeles-para-imprimir","11":"first","12":"instock","13":"shipping-taxable","14":"purchasable","15":"product-type-simple"},"jetpack_sharing_enabled":true,"_links":{"self":[{"href":"https:\/\/mebac.com.ar\/salta\/wp-json\/wp\/v2\/product\/899716","targetHints":{"allow":["GET"]}}],"collection":[{"href":"https:\/\/mebac.com.ar\/salta\/wp-json\/wp\/v2\/product"}],"about":[{"href":"https:\/\/mebac.com.ar\/salta\/wp-json\/wp\/v2\/types\/product"}],"wp:featuredmedia":[{"embeddable":true,"href":"https:\/\/mebac.com.ar\/salta\/wp-json\/wp\/v2\/media\/1002332"}],"wp:attachment":[{"href":"https:\/\/mebac.com.ar\/salta\/wp-json\/wp\/v2\/media?parent=899716"}],"wp:term":[{"taxonomy":"product_brand","embeddable":true,"href":"https:\/\/mebac.com.ar\/salta\/wp-json\/wp\/v2\/product_brand?post=899716"},{"taxonomy":"product_cat","embeddable":true,"href":"https:\/\/mebac.com.ar\/salta\/wp-json\/wp\/v2\/product_cat?post=899716"},{"taxonomy":"product_tag","embeddable":true,"href":"https:\/\/mebac.com.ar\/salta\/wp-json\/wp\/v2\/product_tag?post=899716"}],"curies":[{"name":"wp","href":"https:\/\/api.w.org\/{rel}","templated":true}]}}