{"id":899930,"date":"2024-12-31T21:00:00","date_gmt":"2025-01-01T00:00:00","guid":{"rendered":"https:\/\/mebac.com.ar\/salta\/producto\/art-jet-papel-fotografico-glossy-en-rollo-61cm-x30m-180-gramos\/"},"modified":"2026-04-08T16:54:04","modified_gmt":"2026-04-08T19:54:04","slug":"art-jet-papel-fotografico-glossy-en-rollo-61cm-x30m-180-gramos","status":"publish","type":"product","link":"https:\/\/mebac.com.ar\/salta\/producto\/art-jet-papel-fotografico-glossy-en-rollo-61cm-x30m-180-gramos\/","title":{"rendered":"Art-jet Papel Fotografico Glossy En Rollo 61cm X30m 180 Gramos"},"content":{"rendered":"<div class=\"wpb-content-wrapper\"><p>[vc_row][vc_column][vc_column_text]<\/p>\n<ul>\n<li>Papel fotogr\u00e1fico brillo para usar en plotters de impresi\u00f3n con tintas fotogr\u00e1ficas.<\/li>\n<li>Calidad Premium, bobinado preciso,\u00a0Sin elevaciones, alta resoluci\u00f3n mate, Encapado dise\u00f1ado para secado r\u00e1pido.<\/li>\n<li>100% fibra de celulosa, buje 2\u201d Aplicaciones: Fotogr\u00e1fia, gigantogr\u00e1fias, publicidad y para montar en portabanners.<\/li>\n<\/ul>\n<p>[\/vc_column_text][\/vc_column][\/vc_row]<\/p>\n<\/div>","protected":false},"excerpt":{"rendered":"<p>Papel En Rollo Fotografico Glossy 180 Grs 61cm X30m<\/p>\n","protected":false},"featured_media":1002436,"template":"","meta":{"_joinchat":[]},"product_brand":[1287],"product_cat":[979,141,657],"product_tag":[],"class_list":{"0":"post-899930","1":"product","2":"type-product","3":"status-publish","4":"has-post-thumbnail","6":"product_brand-art-jet","7":"product_cat-en-rollos","8":"product_cat-papeles","9":"product_cat-papeles-para-imprimir","11":"first","12":"instock","13":"shipping-taxable","14":"purchasable","15":"product-type-simple"},"jetpack_sharing_enabled":true,"_links":{"self":[{"href":"https:\/\/mebac.com.ar\/salta\/wp-json\/wp\/v2\/product\/899930","targetHints":{"allow":["GET"]}}],"collection":[{"href":"https:\/\/mebac.com.ar\/salta\/wp-json\/wp\/v2\/product"}],"about":[{"href":"https:\/\/mebac.com.ar\/salta\/wp-json\/wp\/v2\/types\/product"}],"wp:featuredmedia":[{"embeddable":true,"href":"https:\/\/mebac.com.ar\/salta\/wp-json\/wp\/v2\/media\/1002436"}],"wp:attachment":[{"href":"https:\/\/mebac.com.ar\/salta\/wp-json\/wp\/v2\/media?parent=899930"}],"wp:term":[{"taxonomy":"product_brand","embeddable":true,"href":"https:\/\/mebac.com.ar\/salta\/wp-json\/wp\/v2\/product_brand?post=899930"},{"taxonomy":"product_cat","embeddable":true,"href":"https:\/\/mebac.com.ar\/salta\/wp-json\/wp\/v2\/product_cat?post=899930"},{"taxonomy":"product_tag","embeddable":true,"href":"https:\/\/mebac.com.ar\/salta\/wp-json\/wp\/v2\/product_tag?post=899930"}],"curies":[{"name":"wp","href":"https:\/\/api.w.org\/{rel}","templated":true}]}}