{"id":902644,"date":"2026-04-10T22:23:12","date_gmt":"2026-04-11T01:23:12","guid":{"rendered":"https:\/\/mebac.com.ar\/salta\/producto\/kp503e-lapiz-pro-pen-1-con-estuche\/"},"modified":"2026-04-06T11:55:33","modified_gmt":"2026-04-06T14:55:33","slug":"kp503e-lapiz-pro-pen-1-con-estuche","status":"publish","type":"product","link":"https:\/\/mebac.com.ar\/salta\/producto\/kp503e-lapiz-pro-pen-1-con-estuche\/","title":{"rendered":"Kp503e Lapiz Pro Pen 1 Con Estuche"},"content":{"rendered":"<div class=\"wpb-content-wrapper\"><p>[vc_row][vc_column][vc_column_text]<\/p>\n<ul>\n<li>Con 2048 niveles de sensibilidad a la presi\u00f3n, reconocimiento de inclinaci\u00f3n y un dise\u00f1o m\u00e1s c\u00f3modo y ergon\u00f3mico, Wacom Pro Pen proporciona un control preciso y una sensaci\u00f3n mejorada.<\/li>\n<li>Wacom Pro Pen viene en un estuche port\u00e1til compacto que incluye almacenamiento para puntas adicionales y anillos de color que lo ayudan a personalizar e identificar f\u00e1cilmente su l\u00e1piz.<\/li>\n<li>Caracter\u00edsticas:<br \/>\n\u2022\u00a0Grip pen Intuos sin bater\u00eda<br \/>\n\u2022\u00a0Diez puntas de repuesto<br \/>\n\u2022\u00a0Anillos de identificaci\u00f3n de color<br \/>\n\u2022\u00a0Estuche de transporte<br \/>\n\u2022\u00a0Borrador<\/li>\n<li>Compatible con:<br \/>\n\u2022\u00a0Intuos Pro de la generaci\u00f3n anterior (PTH451, PTH651, PTH851)<br \/>\n\u2022\u00a0Intuos5<br \/>\n\u2022\u00a0Intuos4<br \/>\n\u2022\u00a0Cintiq 13HD<br \/>\n\u2022\u00a0Cintiq 22HD<br \/>\n\u2022\u00a0Cintiq 24HD<br \/>\n\u2022\u00a0Cintiq 27QHD<br \/>\n\u2022\u00a0Compa\u00f1ero Cintiq<br \/>\n\u2022\u00a0Cintiq Compa\u00f1ero H\u00edbrido.<\/li>\n<\/ul>\n<p>[\/vc_column_text][\/vc_column][\/vc_row]<\/p>\n<\/div>","protected":false},"excerpt":{"rendered":"<p>Lapiz De Reemplazo Wacom Pro Pen 1 Kp503e Con Estuche<\/p>\n","protected":false},"featured_media":1004176,"template":"","meta":{"_joinchat":[]},"product_brand":[1305],"product_cat":[1213,132,1228],"product_tag":[],"class_list":{"0":"post-902644","1":"product","2":"type-product","3":"status-publish","4":"has-post-thumbnail","6":"product_brand-intuos","7":"product_cat-accesorios","8":"product_cat-informatica","9":"product_cat-wacom-accesorios","11":"first","12":"instock","13":"shipping-taxable","14":"purchasable","15":"product-type-simple"},"jetpack_sharing_enabled":true,"_links":{"self":[{"href":"https:\/\/mebac.com.ar\/salta\/wp-json\/wp\/v2\/product\/902644","targetHints":{"allow":["GET"]}}],"collection":[{"href":"https:\/\/mebac.com.ar\/salta\/wp-json\/wp\/v2\/product"}],"about":[{"href":"https:\/\/mebac.com.ar\/salta\/wp-json\/wp\/v2\/types\/product"}],"wp:featuredmedia":[{"embeddable":true,"href":"https:\/\/mebac.com.ar\/salta\/wp-json\/wp\/v2\/media\/1004176"}],"wp:attachment":[{"href":"https:\/\/mebac.com.ar\/salta\/wp-json\/wp\/v2\/media?parent=902644"}],"wp:term":[{"taxonomy":"product_brand","embeddable":true,"href":"https:\/\/mebac.com.ar\/salta\/wp-json\/wp\/v2\/product_brand?post=902644"},{"taxonomy":"product_cat","embeddable":true,"href":"https:\/\/mebac.com.ar\/salta\/wp-json\/wp\/v2\/product_cat?post=902644"},{"taxonomy":"product_tag","embeddable":true,"href":"https:\/\/mebac.com.ar\/salta\/wp-json\/wp\/v2\/product_tag?post=902644"}],"curies":[{"name":"wp","href":"https:\/\/api.w.org\/{rel}","templated":true}]}}