{"id":902647,"date":"2025-01-01T00:00:00","date_gmt":"2025-01-01T03:00:00","guid":{"rendered":"https:\/\/mebac.com.ar\/salta\/producto\/lp1100k-lapiz-wacom-4k\/"},"modified":"2026-04-06T11:55:33","modified_gmt":"2026-04-06T14:55:33","slug":"lp1100k-lapiz-wacom-4k","status":"publish","type":"product","link":"https:\/\/mebac.com.ar\/salta\/producto\/lp1100k-lapiz-wacom-4k\/","title":{"rendered":"Lp1100k Lapiz Wacom 4k"},"content":{"rendered":"<div class=\"wpb-content-wrapper\"><p>[vc_row][vc_column][vc_column_text]<\/p>\n<ul>\n<li>El l\u00e1piz Intuos 4K funciona con todos los \u00faltimos pen tablets creativos Intuos (CTL-4100 y CTL-6100).<\/li>\n<li>Inal\u00e1mbrico, sin pilas y con 4096 niveles de presi\u00f3n, presenta un bot\u00f3n lateral programable para poner atajos literalmente al alcance de tu mano. El l\u00e1piz solo est\u00e1 disponible en negro.<\/li>\n<li>No es compatible con los modelos de Intuos anteriores CTL-480, CTH-480, CTH-680, CTL-490, CTH-490 y CTH-690, as\u00ed como Intuos 3, 4, 5, tablets Intuos Pro o la gama Cintiq.<\/li>\n<\/ul>\n<p>[\/vc_column_text][\/vc_column][\/vc_row]<\/p>\n<\/div>","protected":false},"excerpt":{"rendered":"<p>Lapiz De Reemplazo Wacom Intuos Lp1100k P\/ctl4100-ctl6100<\/p>\n","protected":false},"featured_media":1004178,"template":"","meta":{"_joinchat":[]},"product_brand":[1305],"product_cat":[1213,132,1228],"product_tag":[],"class_list":{"0":"post-902647","1":"product","2":"type-product","3":"status-publish","4":"has-post-thumbnail","6":"product_brand-intuos","7":"product_cat-accesorios","8":"product_cat-informatica","9":"product_cat-wacom-accesorios","11":"first","12":"instock","13":"shipping-taxable","14":"purchasable","15":"product-type-simple"},"jetpack_sharing_enabled":true,"_links":{"self":[{"href":"https:\/\/mebac.com.ar\/salta\/wp-json\/wp\/v2\/product\/902647","targetHints":{"allow":["GET"]}}],"collection":[{"href":"https:\/\/mebac.com.ar\/salta\/wp-json\/wp\/v2\/product"}],"about":[{"href":"https:\/\/mebac.com.ar\/salta\/wp-json\/wp\/v2\/types\/product"}],"wp:featuredmedia":[{"embeddable":true,"href":"https:\/\/mebac.com.ar\/salta\/wp-json\/wp\/v2\/media\/1004178"}],"wp:attachment":[{"href":"https:\/\/mebac.com.ar\/salta\/wp-json\/wp\/v2\/media?parent=902647"}],"wp:term":[{"taxonomy":"product_brand","embeddable":true,"href":"https:\/\/mebac.com.ar\/salta\/wp-json\/wp\/v2\/product_brand?post=902647"},{"taxonomy":"product_cat","embeddable":true,"href":"https:\/\/mebac.com.ar\/salta\/wp-json\/wp\/v2\/product_cat?post=902647"},{"taxonomy":"product_tag","embeddable":true,"href":"https:\/\/mebac.com.ar\/salta\/wp-json\/wp\/v2\/product_tag?post=902647"}],"curies":[{"name":"wp","href":"https:\/\/api.w.org\/{rel}","templated":true}]}}