{"id":903189,"date":"2026-04-10T06:38:12","date_gmt":"2026-04-10T09:38:12","guid":{"rendered":"https:\/\/mebac.com.ar\/salta\/producto\/brother-catwz1-pinzas-de-precision\/"},"modified":"2026-04-06T11:55:36","modified_gmt":"2026-04-06T14:55:36","slug":"brother-catwz1-pinzas-de-precision","status":"publish","type":"product","link":"https:\/\/mebac.com.ar\/salta\/producto\/brother-catwz1-pinzas-de-precision\/","title":{"rendered":"Brother Catwz1 Pinzas De Precision"},"content":{"rendered":"<ul>\n<li>Empu\u00f1adura c\u00f3moda, acero inoxidable de larga duraci\u00f3n y punta de precisi\u00f3n.<\/li>\n<li>\u00a1Perfectas para casi cualquier proyecto artesanal, grande o peque\u00f1o!<\/li>\n<li>Compatible con Brother ScanNCut SDX125, SDX225, CM300 y CM650<\/li>\n<li>C\u00f3digo: CATWZ1<\/li>\n<\/ul>\n","protected":false},"excerpt":{"rendered":"<p>Catwz1 Pinza Para Facilitar El Sacado De Papeles, Cartones Para Scan N Cut Cm300- 550-650<\/p>\n","protected":false},"featured_media":1004556,"template":"","meta":{"_joinchat":[]},"product_brand":[856],"product_cat":[1000,681,1008],"product_tag":[],"class_list":{"0":"post-903189","1":"product","2":"type-product","3":"status-publish","4":"has-post-thumbnail","6":"product_brand-brother","7":"product_cat-cortar","8":"product_cat-encuadernacion-corte-y-craft","9":"product_cat-scanncut-accesorios","11":"first","12":"instock","13":"shipping-taxable","14":"purchasable","15":"product-type-simple"},"jetpack_sharing_enabled":true,"_links":{"self":[{"href":"https:\/\/mebac.com.ar\/salta\/wp-json\/wp\/v2\/product\/903189","targetHints":{"allow":["GET"]}}],"collection":[{"href":"https:\/\/mebac.com.ar\/salta\/wp-json\/wp\/v2\/product"}],"about":[{"href":"https:\/\/mebac.com.ar\/salta\/wp-json\/wp\/v2\/types\/product"}],"wp:featuredmedia":[{"embeddable":true,"href":"https:\/\/mebac.com.ar\/salta\/wp-json\/wp\/v2\/media\/1004556"}],"wp:attachment":[{"href":"https:\/\/mebac.com.ar\/salta\/wp-json\/wp\/v2\/media?parent=903189"}],"wp:term":[{"taxonomy":"product_brand","embeddable":true,"href":"https:\/\/mebac.com.ar\/salta\/wp-json\/wp\/v2\/product_brand?post=903189"},{"taxonomy":"product_cat","embeddable":true,"href":"https:\/\/mebac.com.ar\/salta\/wp-json\/wp\/v2\/product_cat?post=903189"},{"taxonomy":"product_tag","embeddable":true,"href":"https:\/\/mebac.com.ar\/salta\/wp-json\/wp\/v2\/product_tag?post=903189"}],"curies":[{"name":"wp","href":"https:\/\/api.w.org\/{rel}","templated":true}]}}