{"id":903193,"date":"2026-04-10T06:38:12","date_gmt":"2026-04-10T09:38:12","guid":{"rendered":"https:\/\/mebac.com.ar\/salta\/producto\/brother-capen2-fibra-tela\/"},"modified":"2026-04-06T11:55:36","modified_gmt":"2026-04-06T14:55:36","slug":"brother-capen2-fibra-tela","status":"publish","type":"product","link":"https:\/\/mebac.com.ar\/salta\/producto\/brother-capen2-fibra-tela\/","title":{"rendered":"Brother Capen2 Fibra Tela"},"content":{"rendered":"<ul>\n<li>Para utilizar sobre tela.<\/li>\n<li>La tinta del l\u00e1piz azul se puede borrar con agua, y la tinta del l\u00e1piz p\u00farpura desaparece entre 2 y 14 d\u00edas despu\u00e9s de su aplicaci\u00f3n.<\/li>\n<li>Para utilizar con el soporte para l\u00e1pices de la m\u00e1quina para cortar Brother.<\/li>\n<li>Para utilizar con el soporte para l\u00e1pices de ScanNCut (no incluido)<\/li>\n<li>Compatible con Brother ScanNCut SDX125, SDX225, CM300 y CM650<\/li>\n<li>C\u00f3digo: CAPEN2<\/li>\n<\/ul>\n","protected":false},"excerpt":{"rendered":"<p>Capen2 Repuestos De 2 Lapices Para Telas Borrables Para Scan N Cut Cm 550-650<\/p>\n","protected":false},"featured_media":1004558,"template":"","meta":{"_joinchat":[]},"product_brand":[856],"product_cat":[1000,681,1008],"product_tag":[],"class_list":{"0":"post-903193","1":"product","2":"type-product","3":"status-publish","4":"has-post-thumbnail","6":"product_brand-brother","7":"product_cat-cortar","8":"product_cat-encuadernacion-corte-y-craft","9":"product_cat-scanncut-accesorios","11":"first","12":"instock","13":"shipping-taxable","14":"purchasable","15":"product-type-simple"},"jetpack_sharing_enabled":true,"_links":{"self":[{"href":"https:\/\/mebac.com.ar\/salta\/wp-json\/wp\/v2\/product\/903193","targetHints":{"allow":["GET"]}}],"collection":[{"href":"https:\/\/mebac.com.ar\/salta\/wp-json\/wp\/v2\/product"}],"about":[{"href":"https:\/\/mebac.com.ar\/salta\/wp-json\/wp\/v2\/types\/product"}],"wp:featuredmedia":[{"embeddable":true,"href":"https:\/\/mebac.com.ar\/salta\/wp-json\/wp\/v2\/media\/1004558"}],"wp:attachment":[{"href":"https:\/\/mebac.com.ar\/salta\/wp-json\/wp\/v2\/media?parent=903193"}],"wp:term":[{"taxonomy":"product_brand","embeddable":true,"href":"https:\/\/mebac.com.ar\/salta\/wp-json\/wp\/v2\/product_brand?post=903193"},{"taxonomy":"product_cat","embeddable":true,"href":"https:\/\/mebac.com.ar\/salta\/wp-json\/wp\/v2\/product_cat?post=903193"},{"taxonomy":"product_tag","embeddable":true,"href":"https:\/\/mebac.com.ar\/salta\/wp-json\/wp\/v2\/product_tag?post=903193"}],"curies":[{"name":"wp","href":"https:\/\/api.w.org\/{rel}","templated":true}]}}