{"id":904466,"date":"2025-01-01T00:00:00","date_gmt":"2025-01-01T00:00:00","guid":{"rendered":"https:\/\/mebac.com.ar\/salta\/producto\/6087-vinilo-mccal-x-61-cm-azul-euro-x-metro\/"},"modified":"2026-04-06T11:55:41","modified_gmt":"2026-04-06T14:55:41","slug":"6087-vinilo-mccal-x-61-cm-azul-euro-x-metro","status":"publish","type":"product","link":"https:\/\/mebac.com.ar\/salta\/producto\/6087-vinilo-mccal-x-61-cm-azul-euro-x-metro\/","title":{"rendered":"6087 Vinilo Mccal X 61 Cm Azul Euro X Metro"},"content":{"rendered":"<div class=\"wpb-content-wrapper\"><p>[vc_row][vc_column][vc_column_text]<\/p>\n<h3><strong>FICHA T\u00c9CNICA<\/strong><\/h3>\n<p><strong>CALIDAD:<\/strong> Monom\u00e9rico &#8211; Adhesivo al Solvente<\/p>\n<p><strong>CALIBRE FILM:<\/strong> 80mc<\/p>\n<p><strong>CALIBRE LINER:<\/strong> 135grs<\/p>\n<p><strong>MEDIDA:<\/strong> 61cm<\/p>\n<p><strong>GARANT\u00cdA AL EXTERIOR:<\/strong> 5 a\u00f1os<\/p>\n<p><strong>APLICACIONES:<\/strong> Rotulaci\u00f3n Vehicular, Detalles en interior y exterior, Gr\u00e1fica en general y m\u00e1s<\/p>\n<p><strong>APTO PARA IMPRESI\u00d3N<\/strong><\/p>\n<p><span style=\"color: #0000ff\"><a style=\"color: #0000ff\" href=\"https:\/\/mebac.com.ar\/salta\/wp-content\/uploads\/2022\/03\/Catalogo-McCal.pdf\">Cat\u00e1logo Digital<\/a><\/span>[\/vc_column_text][\/vc_column][\/vc_row]<\/p>\n<\/div>","protected":false},"excerpt":{"rendered":"<p>Vinilo Mccal Serie 6000 Brillante &#8211; Cod. 6087 X 61 Cm Azul Euro<\/p>\n","protected":false},"featured_media":1005318,"template":"","meta":{"_joinchat":[]},"product_brand":[1288],"product_cat":[1038,183,1009],"product_tag":[],"class_list":{"0":"post-904466","1":"product","2":"type-product","3":"status-publish","4":"has-post-thumbnail","6":"product_brand-sin-marca","7":"product_cat-brillante-s6000","8":"product_cat-carteleria","9":"product_cat-vinilos-mccal","11":"first","12":"instock","13":"shipping-taxable","14":"purchasable","15":"product-type-simple"},"jetpack_sharing_enabled":true,"_links":{"self":[{"href":"https:\/\/mebac.com.ar\/salta\/wp-json\/wp\/v2\/product\/904466","targetHints":{"allow":["GET"]}}],"collection":[{"href":"https:\/\/mebac.com.ar\/salta\/wp-json\/wp\/v2\/product"}],"about":[{"href":"https:\/\/mebac.com.ar\/salta\/wp-json\/wp\/v2\/types\/product"}],"wp:featuredmedia":[{"embeddable":true,"href":"https:\/\/mebac.com.ar\/salta\/wp-json\/wp\/v2\/media\/1005318"}],"wp:attachment":[{"href":"https:\/\/mebac.com.ar\/salta\/wp-json\/wp\/v2\/media?parent=904466"}],"wp:term":[{"taxonomy":"product_brand","embeddable":true,"href":"https:\/\/mebac.com.ar\/salta\/wp-json\/wp\/v2\/product_brand?post=904466"},{"taxonomy":"product_cat","embeddable":true,"href":"https:\/\/mebac.com.ar\/salta\/wp-json\/wp\/v2\/product_cat?post=904466"},{"taxonomy":"product_tag","embeddable":true,"href":"https:\/\/mebac.com.ar\/salta\/wp-json\/wp\/v2\/product_tag?post=904466"}],"curies":[{"name":"wp","href":"https:\/\/api.w.org\/{rel}","templated":true}]}}