{"id":904614,"date":"2025-01-01T00:00:00","date_gmt":"2025-01-01T00:00:00","guid":{"rendered":"https:\/\/mebac.com.ar\/salta\/producto\/9003p-vinilo-mccal-x-61-cm-naranja-x-metro\/"},"modified":"2026-04-06T11:55:42","modified_gmt":"2026-04-06T14:55:42","slug":"9003p-vinilo-mccal-x-61-cm-naranja-x-metro","status":"publish","type":"product","link":"https:\/\/mebac.com.ar\/salta\/producto\/9003p-vinilo-mccal-x-61-cm-naranja-x-metro\/","title":{"rendered":"9003p Vinilo Mccal X 61 Cm Naranja X Metro"},"content":{"rendered":"<div class=\"wpb-content-wrapper\"><p>[vc_row][vc_column][vc_column_text]<\/p>\n<h3><strong>FICHA T\u00c9CNICA<\/strong><\/h3>\n<p><strong>CALIDAD:<\/strong> Monom\u00e9rico &#8211; Adhesivo al Solvente<\/p>\n<p><strong>CALIBRE FILM:<\/strong> 140mc<\/p>\n<p><strong>CALIBRE LINER:<\/strong> 135grs<\/p>\n<p><strong>MEDIDA:<\/strong> 61cm<\/p>\n<p><strong>GARANT\u00cdA:<\/strong> 1 a\u00f1os<\/p>\n<p><strong>APLICACIONES:<\/strong> Rotulaci\u00f3n Vehicular, Vidrieras, Decoraci\u00f3n, Detalles en interior y exterior, Gr\u00e1fica en general y m\u00e1s<\/p>\n<p><strong>APTO PARA IMPRESI\u00d3N<\/strong><\/p>\n<p><a href=\"https:\/\/mebac.com.ar\/salta\/wp-content\/uploads\/2022\/03\/Catalogo-McCal.pdf\"><span style=\"color: #3366ff\">Catalogo Digital<\/span><\/a>[\/vc_column_text][\/vc_column][\/vc_row]<\/p>\n<\/div>","protected":false},"excerpt":{"rendered":"<p>Vinilo Mccal Serie 9000 Fluo &#8211; Cod. 9003p X 61 Cm Naranja<\/p>\n","protected":false},"featured_media":1005392,"template":"","meta":{"_joinchat":[]},"product_brand":[1288],"product_cat":[183,1042,1009],"product_tag":[],"class_list":{"0":"post-904614","1":"product","2":"type-product","3":"status-publish","4":"has-post-thumbnail","6":"product_brand-sin-marca","7":"product_cat-carteleria","8":"product_cat-fluo-s9000","9":"product_cat-vinilos-mccal","11":"first","12":"instock","13":"shipping-taxable","14":"purchasable","15":"product-type-simple"},"jetpack_sharing_enabled":true,"_links":{"self":[{"href":"https:\/\/mebac.com.ar\/salta\/wp-json\/wp\/v2\/product\/904614","targetHints":{"allow":["GET"]}}],"collection":[{"href":"https:\/\/mebac.com.ar\/salta\/wp-json\/wp\/v2\/product"}],"about":[{"href":"https:\/\/mebac.com.ar\/salta\/wp-json\/wp\/v2\/types\/product"}],"wp:featuredmedia":[{"embeddable":true,"href":"https:\/\/mebac.com.ar\/salta\/wp-json\/wp\/v2\/media\/1005392"}],"wp:attachment":[{"href":"https:\/\/mebac.com.ar\/salta\/wp-json\/wp\/v2\/media?parent=904614"}],"wp:term":[{"taxonomy":"product_brand","embeddable":true,"href":"https:\/\/mebac.com.ar\/salta\/wp-json\/wp\/v2\/product_brand?post=904614"},{"taxonomy":"product_cat","embeddable":true,"href":"https:\/\/mebac.com.ar\/salta\/wp-json\/wp\/v2\/product_cat?post=904614"},{"taxonomy":"product_tag","embeddable":true,"href":"https:\/\/mebac.com.ar\/salta\/wp-json\/wp\/v2\/product_tag?post=904614"}],"curies":[{"name":"wp","href":"https:\/\/api.w.org\/{rel}","templated":true}]}}