{"id":904766,"date":"2026-01-18T15:06:34","date_gmt":"2026-01-18T18:06:34","guid":{"rendered":"https:\/\/mebac.com.ar\/salta\/producto\/fl2-vinilo-termotransferible-x50-cm-flock-negro-x-metro\/"},"modified":"2026-03-10T00:00:18","modified_gmt":"2026-03-10T03:00:18","slug":"fl2-vinilo-termotransferible-x50-cm-flock-negro-x-metro","status":"publish","type":"product","link":"https:\/\/mebac.com.ar\/salta\/producto\/fl2-vinilo-termotransferible-x50-cm-flock-negro-x-metro\/","title":{"rendered":"Fl2 Vinilo Termotransferible X50 Cm Flock Negro X Metro"},"content":{"rendered":"<div class=\"wpb-content-wrapper\"><p>[vc_row][vc_column][vc_column_text]<\/p>\n<h3><strong>L\u00ednea Flock<\/strong><\/h3>\n<ul>\n<li>Film Flock Termotransferible de alta densidad.<\/li>\n<li>Con portador adhesivo que proporciona un depilado f\u00e1cil.<\/li>\n<li>Medidas: 50 cm<\/li>\n<li>Rollo: x 50 m de largo<\/li>\n<li>Unidad de venta: x Metro<\/li>\n<li>Aplicaciones: Aplicable a prendas de poli\u00e9ster y algod\u00f3n.<\/li>\n<li>Par\u00e1metros de Estampado: 180 grados cent\u00edgrados por 25 segundo con presi\u00f3n media.<\/li>\n<\/ul>\n<p><a href=\"https:\/\/mebac.com.ar\/salta\/wp-content\/uploads\/2020\/12\/Catalogo-Termo.pdf\"><span style=\"color: #0000ff\">Cat\u00e1logo Termo<\/span><\/a>[\/vc_column_text][\/vc_column][\/vc_row]<\/p>\n<\/div>","protected":false},"excerpt":{"rendered":"<p>Vinilo Termotransferible Cod. Fl2x50 Cm Flock Negro<\/p>\n","protected":false},"featured_media":1005468,"template":"","meta":{"_joinchat":[]},"product_brand":[1306],"product_cat":[661,1215,1258],"product_tag":[],"class_list":{"0":"post-904766","1":"product","2":"type-product","3":"status-publish","4":"has-post-thumbnail","6":"product_brand-mccal","7":"product_cat-estampado","8":"product_cat-insumos-para-estampar","9":"product_cat-vinilos-textiles","11":"first","12":"instock","13":"shipping-taxable","14":"purchasable","15":"product-type-simple"},"jetpack_sharing_enabled":true,"_links":{"self":[{"href":"https:\/\/mebac.com.ar\/salta\/wp-json\/wp\/v2\/product\/904766","targetHints":{"allow":["GET"]}}],"collection":[{"href":"https:\/\/mebac.com.ar\/salta\/wp-json\/wp\/v2\/product"}],"about":[{"href":"https:\/\/mebac.com.ar\/salta\/wp-json\/wp\/v2\/types\/product"}],"wp:featuredmedia":[{"embeddable":true,"href":"https:\/\/mebac.com.ar\/salta\/wp-json\/wp\/v2\/media\/1005468"}],"wp:attachment":[{"href":"https:\/\/mebac.com.ar\/salta\/wp-json\/wp\/v2\/media?parent=904766"}],"wp:term":[{"taxonomy":"product_brand","embeddable":true,"href":"https:\/\/mebac.com.ar\/salta\/wp-json\/wp\/v2\/product_brand?post=904766"},{"taxonomy":"product_cat","embeddable":true,"href":"https:\/\/mebac.com.ar\/salta\/wp-json\/wp\/v2\/product_cat?post=904766"},{"taxonomy":"product_tag","embeddable":true,"href":"https:\/\/mebac.com.ar\/salta\/wp-json\/wp\/v2\/product_tag?post=904766"}],"curies":[{"name":"wp","href":"https:\/\/api.w.org\/{rel}","templated":true}]}}