{"id":904802,"date":"2026-01-18T15:06:35","date_gmt":"2026-01-18T18:06:35","guid":{"rendered":"https:\/\/mebac.com.ar\/salta\/producto\/ph801-vinilo-termotransferible-x-50-cm-puff-3d-negro-x-metro\/"},"modified":"2026-03-09T23:55:10","modified_gmt":"2026-03-10T02:55:10","slug":"ph801-vinilo-termotransferible-x-50-cm-puff-3d-negro-x-metro","status":"publish","type":"product","link":"https:\/\/mebac.com.ar\/salta\/producto\/ph801-vinilo-termotransferible-x-50-cm-puff-3d-negro-x-metro\/","title":{"rendered":"Ph801 Vinilo Termotransferible X 50 Cm Puff 3d Negro X Metro"},"content":{"rendered":"<div class=\"wpb-content-wrapper\"><p>[vc_row][vc_column][vc_column_text]<\/p>\n<ul>\n<li>Vinilo Textil Hinchable 3D o Transfer Puff Negro<\/li>\n<li>Es un vinilo que tiene la particularidad de adquirir volumen en el momento de la aplicaci\u00f3n de calor sobre la prenda, generando as\u00ed una textura muy visual y t\u00e1ctil.<\/li>\n<li>Es un Vinilo de flexibilidad normal antes de su transferencia, por esto se puede cortar en cualquier tipo de m\u00e1quina o plotter de corte.<\/li>\n<li>El vinilo hinchable es adecuado para poli\u00e9ster y tejidos mixtos (no es muy adecuado en nil\u00f3n y tejidos con acabados). Resistencia al lavado hasta 40\u00ba\u202fC y permite la limpieza en seco.<\/li>\n<li>Unidad de venta: x Metro<\/li>\n<li>Par\u00e1metros de Estampado: 180 grados cent\u00edgrados por 30 segundo con presi\u00f3n media<\/li>\n<\/ul>\n<p><a href=\"https:\/\/mebac.com.ar\/salta\/wp-content\/uploads\/2020\/12\/Catalogo-Termo.pdf\"><span style=\"color: #0000ff\">Cat\u00e1logo Termo<\/span><\/a>[\/vc_column_text][\/vc_column][\/vc_row]<\/p>\n<\/div>","protected":false},"excerpt":{"rendered":"<p>Vinilo Termotransferible Cod. Ph 801 X 50 Cm Puff 3d Negro X Metro<\/p>\n","protected":false},"featured_media":1005486,"template":"","meta":{"_joinchat":[]},"product_brand":[1288],"product_cat":[661,1215,1258],"product_tag":[],"class_list":{"0":"post-904802","1":"product","2":"type-product","3":"status-publish","4":"has-post-thumbnail","6":"product_brand-sin-marca","7":"product_cat-estampado","8":"product_cat-insumos-para-estampar","9":"product_cat-vinilos-textiles","11":"first","12":"instock","13":"shipping-taxable","14":"purchasable","15":"product-type-simple"},"jetpack_sharing_enabled":true,"_links":{"self":[{"href":"https:\/\/mebac.com.ar\/salta\/wp-json\/wp\/v2\/product\/904802","targetHints":{"allow":["GET"]}}],"collection":[{"href":"https:\/\/mebac.com.ar\/salta\/wp-json\/wp\/v2\/product"}],"about":[{"href":"https:\/\/mebac.com.ar\/salta\/wp-json\/wp\/v2\/types\/product"}],"wp:featuredmedia":[{"embeddable":true,"href":"https:\/\/mebac.com.ar\/salta\/wp-json\/wp\/v2\/media\/1005486"}],"wp:attachment":[{"href":"https:\/\/mebac.com.ar\/salta\/wp-json\/wp\/v2\/media?parent=904802"}],"wp:term":[{"taxonomy":"product_brand","embeddable":true,"href":"https:\/\/mebac.com.ar\/salta\/wp-json\/wp\/v2\/product_brand?post=904802"},{"taxonomy":"product_cat","embeddable":true,"href":"https:\/\/mebac.com.ar\/salta\/wp-json\/wp\/v2\/product_cat?post=904802"},{"taxonomy":"product_tag","embeddable":true,"href":"https:\/\/mebac.com.ar\/salta\/wp-json\/wp\/v2\/product_tag?post=904802"}],"curies":[{"name":"wp","href":"https:\/\/api.w.org\/{rel}","templated":true}]}}