{"id":905146,"date":"2026-01-18T15:06:47","date_gmt":"2026-01-18T18:06:47","guid":{"rendered":"https:\/\/mebac.com.ar\/salta\/producto\/film-para-seguridad-de-vidrio-x-152-safe4-4-x-metro\/"},"modified":"2026-04-06T11:55:44","modified_gmt":"2026-04-06T14:55:44","slug":"film-para-seguridad-de-vidrio-x-152-safe4-4-x-metro","status":"publish","type":"product","link":"https:\/\/mebac.com.ar\/salta\/producto\/film-para-seguridad-de-vidrio-x-152-safe4-4-x-metro\/","title":{"rendered":"Film Para Seguridad De Vidrio X 152 Safe4-4 X Metro"},"content":{"rendered":"<div class=\"wpb-content-wrapper\"><p>[vc_row][vc_column][vc_column_text]<\/p>\n<h3><strong>FICHA T\u00c9CNICA<\/strong><\/h3>\n<p><strong>Presentaci\u00f3n<\/strong>: 152cm x30m<\/p>\n<p><strong>Espesor:<\/strong> 4mil\u00e9simas<\/p>\n<p><strong>Aplicaciones:<\/strong> Protecci\u00f3n de Vidrios en Escuelas, Jard\u00edn de infantes, bancos, oficinas, veh\u00edculos, mesa de vidrio, etc.<\/p>\n<p><a href=\"https:\/\/mebac.com.ar\/salta\/wp-content\/uploads\/2022\/07\/Catalogo-Home-and-Deco.pdf\">Catalogo Home and Deco<\/a><\/p>\n<p><a href=\"https:\/\/mebac.com.ar\/salta\/wp-content\/uploads\/2022\/07\/Catalogo-Arlac-Car-Wrap_compressed.pdf\">Catalogo Car Wrap<\/a>[\/vc_column_text][\/vc_column][\/vc_row]<\/p>\n<\/div>","protected":false},"excerpt":{"rendered":"<p>Film Para Seguridad De Vidrio X 152 Safe4 Espesor 4 Mil X Metro<\/p>\n","protected":false},"featured_media":1005661,"template":"","meta":{"_joinchat":[]},"product_brand":[1306],"product_cat":[183,1057,1009],"product_tag":[],"class_list":{"0":"post-905146","1":"product","2":"type-product","3":"status-publish","4":"has-post-thumbnail","6":"product_brand-mccal","7":"product_cat-carteleria","8":"product_cat-film-para-vidrio","9":"product_cat-vinilos-mccal","11":"first","12":"instock","13":"shipping-taxable","14":"purchasable","15":"product-type-simple"},"jetpack_sharing_enabled":true,"_links":{"self":[{"href":"https:\/\/mebac.com.ar\/salta\/wp-json\/wp\/v2\/product\/905146","targetHints":{"allow":["GET"]}}],"collection":[{"href":"https:\/\/mebac.com.ar\/salta\/wp-json\/wp\/v2\/product"}],"about":[{"href":"https:\/\/mebac.com.ar\/salta\/wp-json\/wp\/v2\/types\/product"}],"wp:featuredmedia":[{"embeddable":true,"href":"https:\/\/mebac.com.ar\/salta\/wp-json\/wp\/v2\/media\/1005661"}],"wp:attachment":[{"href":"https:\/\/mebac.com.ar\/salta\/wp-json\/wp\/v2\/media?parent=905146"}],"wp:term":[{"taxonomy":"product_brand","embeddable":true,"href":"https:\/\/mebac.com.ar\/salta\/wp-json\/wp\/v2\/product_brand?post=905146"},{"taxonomy":"product_cat","embeddable":true,"href":"https:\/\/mebac.com.ar\/salta\/wp-json\/wp\/v2\/product_cat?post=905146"},{"taxonomy":"product_tag","embeddable":true,"href":"https:\/\/mebac.com.ar\/salta\/wp-json\/wp\/v2\/product_tag?post=905146"}],"curies":[{"name":"wp","href":"https:\/\/api.w.org\/{rel}","templated":true}]}}